{"id":299,"date":"2020-09-16T19:40:51","date_gmt":"2020-09-16T19:40:51","guid":{"rendered":"http:\/\/www.jylsoluciones.com\/Costa%20Rica\/?post_type=product&#038;p=299"},"modified":"2020-10-01T16:31:04","modified_gmt":"2020-10-01T16:31:04","slug":"espuma-de-polietileno","status":"publish","type":"product","link":"http:\/\/www.jylsoluciones.com\/el%20salvador\/index.php\/producto\/espuma-de-polietileno\/","title":{"rendered":"Espuma de Polietileno"},"content":{"rendered":"\t\t<div data-elementor-type=\"product-post\" data-elementor-id=\"299\" class=\"elementor elementor-299\" data-elementor-settings=\"[]\">\n\t\t\t\t\t\t<div class=\"elementor-inner\">\n\t\t\t\t\t\t\t<div class=\"elementor-section-wrap\">\n\t\t\t\t\t\t\t<section class=\"elementor-section elementor-top-section elementor-element elementor-element-b9f49ea elementor-section-height-min-height elementor-section-content-middle elementor-section-boxed elementor-section-height-default elementor-section-items-middle\" data-id=\"b9f49ea\" data-element_type=\"section\" data-settings=\"{&quot;background_background&quot;:&quot;classic&quot;}\">\n\t\t\t\t\t\t<div class=\"elementor-container elementor-column-gap-default\">\n\t\t\t\t\t\t\t<div class=\"elementor-row\">\n\t\t\t\t\t<div class=\"elementor-column elementor-col-50 elementor-top-column elementor-element elementor-element-b9ee143\" data-id=\"b9ee143\" data-element_type=\"column\">\n\t\t\t<div class=\"elementor-column-wrap elementor-element-populated\">\n\t\t\t\t\t\t\t<div class=\"elementor-widget-wrap\">\n\t\t\t\t\t\t<div class=\"elementor-element elementor-element-98256f3 elementor-widget-tablet__width-initial elementor-widget-mobile__width-initial elementor-widget elementor-widget-site-logo\" data-id=\"98256f3\" data-element_type=\"widget\" data-widget_type=\"site-logo.default\">\n\t\t\t\t<div class=\"elementor-widget-container\">\n\t\t\t\t\t<div class=\"hfe-site-logo\">\n\t\t\t\t\t\t\t\t\t\t\t\t\t<a data-elementor-open-lightbox=\"\"  class='elementor-clickable' href=\"http:\/\/www.jylsoluciones.com\/el%20salvador\">\n\t\t\t\t\t\t\t<div class=\"hfe-site-logo-set\">           \n\t\t\t\t<div class=\"hfe-site-logo-container\">\n\t\t\t\t\t<img class=\"hfe-site-logo-img elementor-animation-\"  src=\"http:\/\/www.jylsoluciones.com\/el%20salvador\/wp-content\/uploads\/2020\/09\/Logo-J-y-L-Salvador.png\"\/>\n\t\t\t\t<\/div>\n\t\t\t<\/div>\n\t\t\t\t\t\t\t<\/a>\n\t\t\t\t\t\t<\/div>  \n\t\t\t\t\t<\/div>\n\t\t\t\t<\/div>\n\t\t\t\t\t\t<\/div>\n\t\t\t\t\t<\/div>\n\t\t<\/div>\n\t\t\t\t<div class=\"elementor-column elementor-col-50 elementor-top-column elementor-element elementor-element-8ba3355\" data-id=\"8ba3355\" data-element_type=\"column\">\n\t\t\t<div class=\"elementor-column-wrap elementor-element-populated\">\n\t\t\t\t\t\t\t<div class=\"elementor-widget-wrap\">\n\t\t\t\t\t\t<div class=\"elementor-element elementor-element-a7e76f6 elementor-nav-menu__align-right elementor-nav-menu--indicator-none elementor-absolute elementor-nav-menu--dropdown-tablet elementor-nav-menu__text-align-aside elementor-nav-menu--toggle elementor-nav-menu--burger elementor-widget elementor-widget-nav-menu\" data-id=\"a7e76f6\" data-element_type=\"widget\" data-settings=\"{&quot;_position&quot;:&quot;absolute&quot;,&quot;layout&quot;:&quot;horizontal&quot;,&quot;toggle&quot;:&quot;burger&quot;}\" data-widget_type=\"nav-menu.default\">\n\t\t\t\t<div class=\"elementor-widget-container\">\n\t\t\t\t\t\t<nav role=\"navigation\" class=\"elementor-nav-menu--main elementor-nav-menu__container elementor-nav-menu--layout-horizontal e--pointer-none\"><ul id=\"menu-1-a7e76f6\" class=\"elementor-nav-menu\"><li class=\"menu-item menu-item-type-post_type menu-item-object-page menu-item-home menu-item-615\"><a href=\"http:\/\/www.jylsoluciones.com\/el%20salvador\/\" class=\"elementor-item\">INICIO<\/a><\/li>\n<li class=\"menu-item menu-item-type-post_type menu-item-object-page menu-item-614\"><a href=\"http:\/\/www.jylsoluciones.com\/el%20salvador\/index.php\/empresa-2\/\" class=\"elementor-item\">EMPRESA<\/a><\/li>\n<li class=\"menu-item menu-item-type-post_type menu-item-object-page menu-item-612\"><a href=\"http:\/\/www.jylsoluciones.com\/el%20salvador\/index.php\/servicios-2\/\" class=\"elementor-item\">SERVICIOS<\/a><\/li>\n<li class=\"menu-item menu-item-type-post_type menu-item-object-page menu-item-613\"><a href=\"http:\/\/www.jylsoluciones.com\/el%20salvador\/index.php\/productos-2\/\" class=\"elementor-item\">PRODUCTOS<\/a><\/li>\n<li class=\"menu-item menu-item-type-post_type menu-item-object-page menu-item-611\"><a href=\"http:\/\/www.jylsoluciones.com\/el%20salvador\/index.php\/contacto-2\/\" class=\"elementor-item\">CONTACTO<\/a><\/li>\n<li class=\"menu-item menu-item-type-custom menu-item-object-custom menu-item-756\"><a href=\"http:\/\/www.jylsoluciones.com\/Costa%20Rica\" class=\"elementor-item\">IR A JYL COSTA RICA<\/a><\/li>\n<\/ul><\/nav>\n\t\t\t\t\t<div class=\"elementor-menu-toggle\" role=\"button\" tabindex=\"0\" aria-label=\"Menu Toggle\" aria-expanded=\"false\">\n\t\t\t<i class=\"eicon-menu-bar\" aria-hidden=\"true\"><\/i>\n\t\t\t<span class=\"elementor-screen-only\">Menu<\/span>\n\t\t<\/div>\n\t\t\t<nav class=\"elementor-nav-menu--dropdown elementor-nav-menu__container\" role=\"navigation\" aria-hidden=\"true\"><ul id=\"menu-2-a7e76f6\" class=\"elementor-nav-menu\"><li class=\"menu-item menu-item-type-post_type menu-item-object-page menu-item-home menu-item-615\"><a href=\"http:\/\/www.jylsoluciones.com\/el%20salvador\/\" class=\"elementor-item\">INICIO<\/a><\/li>\n<li class=\"menu-item menu-item-type-post_type menu-item-object-page menu-item-614\"><a href=\"http:\/\/www.jylsoluciones.com\/el%20salvador\/index.php\/empresa-2\/\" class=\"elementor-item\">EMPRESA<\/a><\/li>\n<li class=\"menu-item menu-item-type-post_type menu-item-object-page menu-item-612\"><a href=\"http:\/\/www.jylsoluciones.com\/el%20salvador\/index.php\/servicios-2\/\" class=\"elementor-item\">SERVICIOS<\/a><\/li>\n<li class=\"menu-item menu-item-type-post_type menu-item-object-page menu-item-613\"><a href=\"http:\/\/www.jylsoluciones.com\/el%20salvador\/index.php\/productos-2\/\" class=\"elementor-item\">PRODUCTOS<\/a><\/li>\n<li class=\"menu-item menu-item-type-post_type menu-item-object-page menu-item-611\"><a href=\"http:\/\/www.jylsoluciones.com\/el%20salvador\/index.php\/contacto-2\/\" class=\"elementor-item\">CONTACTO<\/a><\/li>\n<li class=\"menu-item menu-item-type-custom menu-item-object-custom menu-item-756\"><a href=\"http:\/\/www.jylsoluciones.com\/Costa%20Rica\" class=\"elementor-item\">IR A JYL COSTA RICA<\/a><\/li>\n<\/ul><\/nav>\n\t\t\t\t<\/div>\n\t\t\t\t<\/div>\n\t\t\t\t\t\t<\/div>\n\t\t\t\t\t<\/div>\n\t\t<\/div>\n\t\t\t\t\t\t\t\t<\/div>\n\t\t\t\t\t<\/div>\n\t\t<\/section>\n\t\t\t\t<section class=\"elementor-section elementor-top-section elementor-element elementor-element-5ec74db elementor-section-boxed elementor-section-height-default elementor-section-height-default\" data-id=\"5ec74db\" data-element_type=\"section\" data-settings=\"{&quot;background_background&quot;:&quot;classic&quot;}\">\n\t\t\t\t\t\t<div class=\"elementor-container elementor-column-gap-default\">\n\t\t\t\t\t\t\t<div class=\"elementor-row\">\n\t\t\t\t\t<div class=\"elementor-column elementor-col-100 elementor-top-column elementor-element elementor-element-d9b1bca\" data-id=\"d9b1bca\" data-element_type=\"column\">\n\t\t\t<div class=\"elementor-column-wrap elementor-element-populated\">\n\t\t\t\t\t\t\t<div class=\"elementor-widget-wrap\">\n\t\t\t\t\t\t<div class=\"elementor-element elementor-element-b99ff27 elementor-widget elementor-widget-spacer\" data-id=\"b99ff27\" data-element_type=\"widget\" data-widget_type=\"spacer.default\">\n\t\t\t\t<div class=\"elementor-widget-container\">\n\t\t\t\t\t<div class=\"elementor-spacer\">\n\t\t\t<div class=\"elementor-spacer-inner\"><\/div>\n\t\t<\/div>\n\t\t\t\t<\/div>\n\t\t\t\t<\/div>\n\t\t\t\t\t\t<\/div>\n\t\t\t\t\t<\/div>\n\t\t<\/div>\n\t\t\t\t\t\t\t\t<\/div>\n\t\t\t\t\t<\/div>\n\t\t<\/section>\n\t\t\t\t<section class=\"elementor-section elementor-top-section elementor-element elementor-element-d5650b0 elementor-section-boxed elementor-section-height-default elementor-section-height-default\" data-id=\"d5650b0\" data-element_type=\"section\" data-settings=\"{&quot;background_background&quot;:&quot;classic&quot;}\">\n\t\t\t\t\t\t<div class=\"elementor-container elementor-column-gap-default\">\n\t\t\t\t\t\t\t<div class=\"elementor-row\">\n\t\t\t\t\t<div class=\"elementor-column elementor-col-50 elementor-top-column elementor-element elementor-element-562adde\" data-id=\"562adde\" data-element_type=\"column\">\n\t\t\t<div class=\"elementor-column-wrap elementor-element-populated\">\n\t\t\t\t\t\t\t<div class=\"elementor-widget-wrap\">\n\t\t\t\t\t\t<div class=\"elementor-element elementor-element-b5282a4 elementor-widget elementor-widget-image\" data-id=\"b5282a4\" data-element_type=\"widget\" data-widget_type=\"image.default\">\n\t\t\t\t<div class=\"elementor-widget-container\">\n\t\t\t\t\t<div class=\"elementor-image\">\n\t\t\t\t\t\t\t\t\t\t<img width=\"399\" height=\"265\" src=\"http:\/\/www.jylsoluciones.com\/el%20salvador\/wp-content\/uploads\/2020\/09\/ESPUMA-DE-POLIETILENO-4-e1431644063888.jpg\" class=\"attachment-large size-large\" alt=\"\" loading=\"lazy\" srcset=\"http:\/\/www.jylsoluciones.com\/el%20salvador\/wp-content\/uploads\/2020\/09\/ESPUMA-DE-POLIETILENO-4-e1431644063888.jpg 399w, http:\/\/www.jylsoluciones.com\/el%20salvador\/wp-content\/uploads\/2020\/09\/ESPUMA-DE-POLIETILENO-4-e1431644063888-300x199.jpg 300w\" sizes=\"(max-width: 399px) 100vw, 399px\" \/>\t\t\t\t\t\t\t\t\t\t\t<\/div>\n\t\t\t\t<\/div>\n\t\t\t\t<\/div>\n\t\t\t\t\t\t<\/div>\n\t\t\t\t\t<\/div>\n\t\t<\/div>\n\t\t\t\t<div class=\"elementor-column elementor-col-50 elementor-top-column elementor-element elementor-element-cf30989\" data-id=\"cf30989\" data-element_type=\"column\">\n\t\t\t<div class=\"elementor-column-wrap elementor-element-populated\">\n\t\t\t\t\t\t\t<div class=\"elementor-widget-wrap\">\n\t\t\t\t\t\t<div class=\"elementor-element elementor-element-b1c35b6 elementor-widget elementor-widget-heading\" data-id=\"b1c35b6\" data-element_type=\"widget\" data-widget_type=\"heading.default\">\n\t\t\t\t<div class=\"elementor-widget-container\">\n\t\t\t<h2 class=\"elementor-heading-title elementor-size-default\">Descripci\u00f3n del producto<\/h2>\t\t<\/div>\n\t\t\t\t<\/div>\n\t\t\t\t<div class=\"elementor-element elementor-element-b74ec09 elementor-widget elementor-widget-text-editor\" data-id=\"b74ec09\" data-element_type=\"widget\" data-widget_type=\"text-editor.default\">\n\t\t\t\t<div class=\"elementor-widget-container\">\n\t\t\t\t\t<div class=\"elementor-text-editor elementor-clearfix\"><p>Espuma de Polietileno utilizado com\u00fanmente para empacar y proteger productos fr\u00e1giles y delicados. Es uno de los materiales m\u00e1s vers\u00e1tiles para empacar y es un gran complemento para los embalajes de cajas corrugadas. Presentaci\u00f3n en diferentes medidas, espesor, anti-est\u00e1tico o regular, seg\u00fan sus necesidades.<\/p><p>Adem\u00e1s contamos con \u201ccilindros de espuma\u201d ideal para rellenar espacios vac\u00edos en las cajas de cart\u00f3n.<\/p><\/div>\n\t\t\t\t<\/div>\n\t\t\t\t<\/div>\n\t\t\t\t\t\t<\/div>\n\t\t\t\t\t<\/div>\n\t\t<\/div>\n\t\t\t\t\t\t\t\t<\/div>\n\t\t\t\t\t<\/div>\n\t\t<\/section>\n\t\t\t\t<section class=\"elementor-section elementor-top-section elementor-element elementor-element-0a93557 elementor-section-boxed elementor-section-height-default elementor-section-height-default\" data-id=\"0a93557\" data-element_type=\"section\" data-settings=\"{&quot;background_background&quot;:&quot;classic&quot;}\">\n\t\t\t\t\t\t<div class=\"elementor-container elementor-column-gap-default\">\n\t\t\t\t\t\t\t<div class=\"elementor-row\">\n\t\t\t\t\t<div class=\"elementor-column elementor-col-100 elementor-top-column elementor-element elementor-element-f01c306\" data-id=\"f01c306\" data-element_type=\"column\">\n\t\t\t<div class=\"elementor-column-wrap elementor-element-populated\">\n\t\t\t\t\t\t\t<div class=\"elementor-widget-wrap\">\n\t\t\t\t\t\t<div class=\"elementor-element elementor-element-92f9ff5 elementor-widget elementor-widget-spacer\" data-id=\"92f9ff5\" data-element_type=\"widget\" data-widget_type=\"spacer.default\">\n\t\t\t\t<div class=\"elementor-widget-container\">\n\t\t\t\t\t<div class=\"elementor-spacer\">\n\t\t\t<div class=\"elementor-spacer-inner\"><\/div>\n\t\t<\/div>\n\t\t\t\t<\/div>\n\t\t\t\t<\/div>\n\t\t\t\t\t\t<\/div>\n\t\t\t\t\t<\/div>\n\t\t<\/div>\n\t\t\t\t\t\t\t\t<\/div>\n\t\t\t\t\t<\/div>\n\t\t<\/section>\n\t\t\t\t\t\t<\/div>\n\t\t\t\t\t\t<\/div>\n\t\t\t\t\t<\/div>\n\t\t","protected":false},"excerpt":{"rendered":"<p>Descripci\u00f3n del producto Espuma de Polietileno utilizado com\u00fanmente para empacar y proteger productos fr\u00e1giles y delicados. Es uno de los materiales m\u00e1s vers\u00e1tiles para empacar y es un gran complemento para los embalajes de cajas corrugadas. Presentaci\u00f3n en diferentes medidas, espesor, anti-est\u00e1tico o regular, seg\u00fan sus necesidades. Adem\u00e1s contamos con \u201ccilindros de espuma\u201d ideal para [&hellip;]<\/p>\n","protected":false},"featured_media":300,"comment_status":"open","ping_status":"closed","template":"elementor_canvas","meta":[],"_links":{"self":[{"href":"http:\/\/www.jylsoluciones.com\/el%20salvador\/index.php\/wp-json\/wp\/v2\/product\/299"}],"collection":[{"href":"http:\/\/www.jylsoluciones.com\/el%20salvador\/index.php\/wp-json\/wp\/v2\/product"}],"about":[{"href":"http:\/\/www.jylsoluciones.com\/el%20salvador\/index.php\/wp-json\/wp\/v2\/types\/product"}],"replies":[{"embeddable":true,"href":"http:\/\/www.jylsoluciones.com\/el%20salvador\/index.php\/wp-json\/wp\/v2\/comments?post=299"}],"version-history":[{"count":8,"href":"http:\/\/www.jylsoluciones.com\/el%20salvador\/index.php\/wp-json\/wp\/v2\/product\/299\/revisions"}],"predecessor-version":[{"id":941,"href":"http:\/\/www.jylsoluciones.com\/el%20salvador\/index.php\/wp-json\/wp\/v2\/product\/299\/revisions\/941"}],"wp:featuredmedia":[{"embeddable":true,"href":"http:\/\/www.jylsoluciones.com\/el%20salvador\/index.php\/wp-json\/wp\/v2\/media\/300"}],"wp:attachment":[{"href":"http:\/\/www.jylsoluciones.com\/el%20salvador\/index.php\/wp-json\/wp\/v2\/media?parent=299"}],"curies":[{"name":"wp","href":"https:\/\/api.w.org\/{rel}","templated":true}]}}