{"id":253,"date":"2020-09-16T18:04:27","date_gmt":"2020-09-16T18:04:27","guid":{"rendered":"http:\/\/www.jylsoluciones.com\/Costa%20Rica\/?post_type=product&#038;p=253"},"modified":"2020-10-01T17:04:11","modified_gmt":"2020-10-01T17:04:11","slug":"cinta-de-marcaje-de-piso-amarilla-negra","status":"publish","type":"product","link":"http:\/\/www.jylsoluciones.com\/el%20salvador\/index.php\/producto\/cinta-de-marcaje-de-piso-amarilla-negra\/","title":{"rendered":"Cinta de marcaje de piso amarilla\/negra"},"content":{"rendered":"\t\t<div data-elementor-type=\"product-post\" data-elementor-id=\"253\" class=\"elementor elementor-253\" data-elementor-settings=\"[]\">\n\t\t\t\t\t\t<div class=\"elementor-inner\">\n\t\t\t\t\t\t\t<div class=\"elementor-section-wrap\">\n\t\t\t\t\t\t\t<section class=\"elementor-section elementor-top-section elementor-element elementor-element-a46ffc1 elementor-section-height-min-height elementor-section-content-middle elementor-section-boxed elementor-section-height-default elementor-section-items-middle\" data-id=\"a46ffc1\" data-element_type=\"section\" data-settings=\"{&quot;background_background&quot;:&quot;classic&quot;}\">\n\t\t\t\t\t\t<div class=\"elementor-container elementor-column-gap-default\">\n\t\t\t\t\t\t\t<div class=\"elementor-row\">\n\t\t\t\t\t<div class=\"elementor-column elementor-col-50 elementor-top-column elementor-element elementor-element-b99c1d8\" data-id=\"b99c1d8\" data-element_type=\"column\">\n\t\t\t<div class=\"elementor-column-wrap elementor-element-populated\">\n\t\t\t\t\t\t\t<div class=\"elementor-widget-wrap\">\n\t\t\t\t\t\t<div class=\"elementor-element elementor-element-88582f2 elementor-widget-tablet__width-initial elementor-widget-mobile__width-initial elementor-widget elementor-widget-site-logo\" data-id=\"88582f2\" data-element_type=\"widget\" data-widget_type=\"site-logo.default\">\n\t\t\t\t<div class=\"elementor-widget-container\">\n\t\t\t\t\t<div class=\"hfe-site-logo\">\n\t\t\t\t\t\t\t\t\t\t\t\t\t<a data-elementor-open-lightbox=\"\"  class='elementor-clickable' href=\"http:\/\/www.jylsoluciones.com\/el%20salvador\">\n\t\t\t\t\t\t\t<div class=\"hfe-site-logo-set\">           \n\t\t\t\t<div class=\"hfe-site-logo-container\">\n\t\t\t\t\t<img class=\"hfe-site-logo-img elementor-animation-\"  src=\"http:\/\/www.jylsoluciones.com\/el%20salvador\/wp-content\/uploads\/2020\/09\/Logo-J-y-L-Salvador.png\"\/>\n\t\t\t\t<\/div>\n\t\t\t<\/div>\n\t\t\t\t\t\t\t<\/a>\n\t\t\t\t\t\t<\/div>  \n\t\t\t\t\t<\/div>\n\t\t\t\t<\/div>\n\t\t\t\t\t\t<\/div>\n\t\t\t\t\t<\/div>\n\t\t<\/div>\n\t\t\t\t<div class=\"elementor-column elementor-col-50 elementor-top-column elementor-element elementor-element-6cad8cb\" data-id=\"6cad8cb\" data-element_type=\"column\">\n\t\t\t<div class=\"elementor-column-wrap elementor-element-populated\">\n\t\t\t\t\t\t\t<div class=\"elementor-widget-wrap\">\n\t\t\t\t\t\t<div class=\"elementor-element elementor-element-82f63ac elementor-nav-menu__align-right elementor-nav-menu--indicator-none elementor-absolute elementor-nav-menu--dropdown-tablet elementor-nav-menu__text-align-aside elementor-nav-menu--toggle elementor-nav-menu--burger elementor-widget elementor-widget-nav-menu\" data-id=\"82f63ac\" data-element_type=\"widget\" data-settings=\"{&quot;_position&quot;:&quot;absolute&quot;,&quot;layout&quot;:&quot;horizontal&quot;,&quot;toggle&quot;:&quot;burger&quot;}\" data-widget_type=\"nav-menu.default\">\n\t\t\t\t<div class=\"elementor-widget-container\">\n\t\t\t\t\t\t<nav role=\"navigation\" class=\"elementor-nav-menu--main elementor-nav-menu__container elementor-nav-menu--layout-horizontal e--pointer-none\"><ul id=\"menu-1-82f63ac\" class=\"elementor-nav-menu\"><li class=\"menu-item menu-item-type-post_type menu-item-object-page menu-item-home menu-item-615\"><a href=\"http:\/\/www.jylsoluciones.com\/el%20salvador\/\" class=\"elementor-item\">INICIO<\/a><\/li>\n<li class=\"menu-item menu-item-type-post_type menu-item-object-page menu-item-614\"><a href=\"http:\/\/www.jylsoluciones.com\/el%20salvador\/index.php\/empresa-2\/\" class=\"elementor-item\">EMPRESA<\/a><\/li>\n<li class=\"menu-item menu-item-type-post_type menu-item-object-page menu-item-612\"><a href=\"http:\/\/www.jylsoluciones.com\/el%20salvador\/index.php\/servicios-2\/\" class=\"elementor-item\">SERVICIOS<\/a><\/li>\n<li class=\"menu-item menu-item-type-post_type menu-item-object-page menu-item-613\"><a href=\"http:\/\/www.jylsoluciones.com\/el%20salvador\/index.php\/productos-2\/\" class=\"elementor-item\">PRODUCTOS<\/a><\/li>\n<li class=\"menu-item menu-item-type-post_type menu-item-object-page menu-item-611\"><a href=\"http:\/\/www.jylsoluciones.com\/el%20salvador\/index.php\/contacto-2\/\" class=\"elementor-item\">CONTACTO<\/a><\/li>\n<li class=\"menu-item menu-item-type-custom menu-item-object-custom menu-item-756\"><a href=\"http:\/\/www.jylsoluciones.com\/Costa%20Rica\" class=\"elementor-item\">IR A JYL COSTA RICA<\/a><\/li>\n<\/ul><\/nav>\n\t\t\t\t\t<div class=\"elementor-menu-toggle\" role=\"button\" tabindex=\"0\" aria-label=\"Menu Toggle\" aria-expanded=\"false\">\n\t\t\t<i class=\"eicon-menu-bar\" aria-hidden=\"true\"><\/i>\n\t\t\t<span class=\"elementor-screen-only\">Menu<\/span>\n\t\t<\/div>\n\t\t\t<nav class=\"elementor-nav-menu--dropdown elementor-nav-menu__container\" role=\"navigation\" aria-hidden=\"true\"><ul id=\"menu-2-82f63ac\" class=\"elementor-nav-menu\"><li class=\"menu-item menu-item-type-post_type menu-item-object-page menu-item-home menu-item-615\"><a href=\"http:\/\/www.jylsoluciones.com\/el%20salvador\/\" class=\"elementor-item\">INICIO<\/a><\/li>\n<li class=\"menu-item menu-item-type-post_type menu-item-object-page menu-item-614\"><a href=\"http:\/\/www.jylsoluciones.com\/el%20salvador\/index.php\/empresa-2\/\" class=\"elementor-item\">EMPRESA<\/a><\/li>\n<li class=\"menu-item menu-item-type-post_type menu-item-object-page menu-item-612\"><a href=\"http:\/\/www.jylsoluciones.com\/el%20salvador\/index.php\/servicios-2\/\" class=\"elementor-item\">SERVICIOS<\/a><\/li>\n<li class=\"menu-item menu-item-type-post_type menu-item-object-page menu-item-613\"><a href=\"http:\/\/www.jylsoluciones.com\/el%20salvador\/index.php\/productos-2\/\" class=\"elementor-item\">PRODUCTOS<\/a><\/li>\n<li class=\"menu-item menu-item-type-post_type menu-item-object-page menu-item-611\"><a href=\"http:\/\/www.jylsoluciones.com\/el%20salvador\/index.php\/contacto-2\/\" class=\"elementor-item\">CONTACTO<\/a><\/li>\n<li class=\"menu-item menu-item-type-custom menu-item-object-custom menu-item-756\"><a href=\"http:\/\/www.jylsoluciones.com\/Costa%20Rica\" class=\"elementor-item\">IR A JYL COSTA RICA<\/a><\/li>\n<\/ul><\/nav>\n\t\t\t\t<\/div>\n\t\t\t\t<\/div>\n\t\t\t\t\t\t<\/div>\n\t\t\t\t\t<\/div>\n\t\t<\/div>\n\t\t\t\t\t\t\t\t<\/div>\n\t\t\t\t\t<\/div>\n\t\t<\/section>\n\t\t\t\t<section class=\"elementor-section elementor-top-section elementor-element elementor-element-681b192 elementor-section-boxed elementor-section-height-default elementor-section-height-default\" data-id=\"681b192\" data-element_type=\"section\" data-settings=\"{&quot;background_background&quot;:&quot;classic&quot;}\">\n\t\t\t\t\t\t<div class=\"elementor-container elementor-column-gap-default\">\n\t\t\t\t\t\t\t<div class=\"elementor-row\">\n\t\t\t\t\t<div class=\"elementor-column elementor-col-100 elementor-top-column elementor-element elementor-element-736581c\" data-id=\"736581c\" data-element_type=\"column\">\n\t\t\t<div class=\"elementor-column-wrap elementor-element-populated\">\n\t\t\t\t\t\t\t<div class=\"elementor-widget-wrap\">\n\t\t\t\t\t\t<div class=\"elementor-element elementor-element-c6168fb elementor-widget elementor-widget-spacer\" data-id=\"c6168fb\" data-element_type=\"widget\" data-widget_type=\"spacer.default\">\n\t\t\t\t<div class=\"elementor-widget-container\">\n\t\t\t\t\t<div class=\"elementor-spacer\">\n\t\t\t<div class=\"elementor-spacer-inner\"><\/div>\n\t\t<\/div>\n\t\t\t\t<\/div>\n\t\t\t\t<\/div>\n\t\t\t\t\t\t<\/div>\n\t\t\t\t\t<\/div>\n\t\t<\/div>\n\t\t\t\t\t\t\t\t<\/div>\n\t\t\t\t\t<\/div>\n\t\t<\/section>\n\t\t\t\t<section class=\"elementor-section elementor-top-section elementor-element elementor-element-a7c12a5 elementor-section-boxed elementor-section-height-default elementor-section-height-default\" data-id=\"a7c12a5\" data-element_type=\"section\" data-settings=\"{&quot;background_background&quot;:&quot;classic&quot;}\">\n\t\t\t\t\t\t<div class=\"elementor-container elementor-column-gap-default\">\n\t\t\t\t\t\t\t<div class=\"elementor-row\">\n\t\t\t\t\t<div class=\"elementor-column elementor-col-50 elementor-top-column elementor-element elementor-element-8ee93e2\" data-id=\"8ee93e2\" data-element_type=\"column\">\n\t\t\t<div class=\"elementor-column-wrap elementor-element-populated\">\n\t\t\t\t\t\t\t<div class=\"elementor-widget-wrap\">\n\t\t\t\t\t\t<div class=\"elementor-element elementor-element-d1cf468 elementor-widget elementor-widget-image\" data-id=\"d1cf468\" data-element_type=\"widget\" data-widget_type=\"image.default\">\n\t\t\t\t<div class=\"elementor-widget-container\">\n\t\t\t\t\t<div class=\"elementor-image\">\n\t\t\t\t\t\t\t\t\t\t<img width=\"348\" height=\"254\" src=\"http:\/\/www.jylsoluciones.com\/el%20salvador\/wp-content\/uploads\/2020\/09\/demarcaje-de-piso-1-e1431702180621.jpg\" class=\"attachment-large size-large\" alt=\"\" loading=\"lazy\" srcset=\"http:\/\/www.jylsoluciones.com\/el%20salvador\/wp-content\/uploads\/2020\/09\/demarcaje-de-piso-1-e1431702180621.jpg 348w, http:\/\/www.jylsoluciones.com\/el%20salvador\/wp-content\/uploads\/2020\/09\/demarcaje-de-piso-1-e1431702180621-300x219.jpg 300w\" sizes=\"(max-width: 348px) 100vw, 348px\" \/>\t\t\t\t\t\t\t\t\t\t\t<\/div>\n\t\t\t\t<\/div>\n\t\t\t\t<\/div>\n\t\t\t\t\t\t<\/div>\n\t\t\t\t\t<\/div>\n\t\t<\/div>\n\t\t\t\t<div class=\"elementor-column elementor-col-50 elementor-top-column elementor-element elementor-element-1c2ba46\" data-id=\"1c2ba46\" data-element_type=\"column\">\n\t\t\t<div class=\"elementor-column-wrap elementor-element-populated\">\n\t\t\t\t\t\t\t<div class=\"elementor-widget-wrap\">\n\t\t\t\t\t\t<div class=\"elementor-element elementor-element-596fedf elementor-widget elementor-widget-heading\" data-id=\"596fedf\" data-element_type=\"widget\" data-widget_type=\"heading.default\">\n\t\t\t\t<div class=\"elementor-widget-container\">\n\t\t\t<h2 class=\"elementor-heading-title elementor-size-default\">Descripci\u00f3n del producto<\/h2>\t\t<\/div>\n\t\t\t\t<\/div>\n\t\t\t\t<div class=\"elementor-element elementor-element-7708577 elementor-widget elementor-widget-text-editor\" data-id=\"7708577\" data-element_type=\"widget\" data-widget_type=\"text-editor.default\">\n\t\t\t\t<div class=\"elementor-widget-container\">\n\t\t\t\t\t<div class=\"elementor-text-editor elementor-clearfix\"><p>Fabricada en vinil PVC, con adhesivo especial para uso rudo, colores disponibles en amarillo con negro. Dise\u00f1ada para marcar zonas de peligro, \u00e1reas restringidas o de circulaci\u00f3n, as\u00ed como de cualquier tipo de peligro f\u00edsico que exista, como tr\u00e1nsito de maquinaria. Cuenta con pegamento para adherirse a diversas superficies. Alta durabilidad a la humedad, ciertos qu\u00edmicos y tr\u00e1fico pesado.<\/p><p>\u00a0<\/p><\/div>\n\t\t\t\t<\/div>\n\t\t\t\t<\/div>\n\t\t\t\t\t\t<\/div>\n\t\t\t\t\t<\/div>\n\t\t<\/div>\n\t\t\t\t\t\t\t\t<\/div>\n\t\t\t\t\t<\/div>\n\t\t<\/section>\n\t\t\t\t<section class=\"elementor-section elementor-top-section elementor-element elementor-element-cefb035 elementor-section-boxed elementor-section-height-default elementor-section-height-default\" data-id=\"cefb035\" data-element_type=\"section\" data-settings=\"{&quot;background_background&quot;:&quot;classic&quot;}\">\n\t\t\t\t\t\t<div class=\"elementor-container elementor-column-gap-default\">\n\t\t\t\t\t\t\t<div class=\"elementor-row\">\n\t\t\t\t\t<div class=\"elementor-column elementor-col-100 elementor-top-column elementor-element elementor-element-0223d67\" data-id=\"0223d67\" data-element_type=\"column\">\n\t\t\t<div class=\"elementor-column-wrap elementor-element-populated\">\n\t\t\t\t\t\t\t<div class=\"elementor-widget-wrap\">\n\t\t\t\t\t\t<div class=\"elementor-element elementor-element-0faf838 elementor-widget elementor-widget-spacer\" data-id=\"0faf838\" data-element_type=\"widget\" data-widget_type=\"spacer.default\">\n\t\t\t\t<div class=\"elementor-widget-container\">\n\t\t\t\t\t<div class=\"elementor-spacer\">\n\t\t\t<div class=\"elementor-spacer-inner\"><\/div>\n\t\t<\/div>\n\t\t\t\t<\/div>\n\t\t\t\t<\/div>\n\t\t\t\t\t\t<\/div>\n\t\t\t\t\t<\/div>\n\t\t<\/div>\n\t\t\t\t\t\t\t\t<\/div>\n\t\t\t\t\t<\/div>\n\t\t<\/section>\n\t\t\t\t\t\t<\/div>\n\t\t\t\t\t\t<\/div>\n\t\t\t\t\t<\/div>\n\t\t","protected":false},"excerpt":{"rendered":"<p>Descripci\u00f3n del producto Fabricada en vinil PVC, con adhesivo especial para uso rudo, colores disponibles en amarillo con negro. Dise\u00f1ada para marcar zonas de peligro, \u00e1reas restringidas o de circulaci\u00f3n, as\u00ed como de cualquier tipo de peligro f\u00edsico que exista, como tr\u00e1nsito de maquinaria. Cuenta con pegamento para adherirse a diversas superficies. Alta durabilidad a [&hellip;]<\/p>\n","protected":false},"featured_media":254,"comment_status":"open","ping_status":"closed","template":"elementor_canvas","meta":[],"_links":{"self":[{"href":"http:\/\/www.jylsoluciones.com\/el%20salvador\/index.php\/wp-json\/wp\/v2\/product\/253"}],"collection":[{"href":"http:\/\/www.jylsoluciones.com\/el%20salvador\/index.php\/wp-json\/wp\/v2\/product"}],"about":[{"href":"http:\/\/www.jylsoluciones.com\/el%20salvador\/index.php\/wp-json\/wp\/v2\/types\/product"}],"replies":[{"embeddable":true,"href":"http:\/\/www.jylsoluciones.com\/el%20salvador\/index.php\/wp-json\/wp\/v2\/comments?post=253"}],"version-history":[{"count":6,"href":"http:\/\/www.jylsoluciones.com\/el%20salvador\/index.php\/wp-json\/wp\/v2\/product\/253\/revisions"}],"predecessor-version":[{"id":1043,"href":"http:\/\/www.jylsoluciones.com\/el%20salvador\/index.php\/wp-json\/wp\/v2\/product\/253\/revisions\/1043"}],"wp:featuredmedia":[{"embeddable":true,"href":"http:\/\/www.jylsoluciones.com\/el%20salvador\/index.php\/wp-json\/wp\/v2\/media\/254"}],"wp:attachment":[{"href":"http:\/\/www.jylsoluciones.com\/el%20salvador\/index.php\/wp-json\/wp\/v2\/media?parent=253"}],"curies":[{"name":"wp","href":"https:\/\/api.w.org\/{rel}","templated":true}]}}