{"id":251,"date":"2020-09-16T18:03:16","date_gmt":"2020-09-16T18:03:16","guid":{"rendered":"http:\/\/www.jylsoluciones.com\/Costa%20Rica\/?post_type=product&#038;p=251"},"modified":"2020-10-01T17:05:00","modified_gmt":"2020-10-01T17:05:00","slug":"cinta-duc-tape","status":"publish","type":"product","link":"http:\/\/www.jylsoluciones.com\/el%20salvador\/index.php\/producto\/cinta-duc-tape\/","title":{"rendered":"Cinta Duc tape"},"content":{"rendered":"\t\t<div data-elementor-type=\"product-post\" data-elementor-id=\"251\" class=\"elementor elementor-251\" data-elementor-settings=\"[]\">\n\t\t\t\t\t\t<div class=\"elementor-inner\">\n\t\t\t\t\t\t\t<div class=\"elementor-section-wrap\">\n\t\t\t\t\t\t\t<section class=\"elementor-section elementor-top-section elementor-element elementor-element-fb7b91b elementor-section-height-min-height elementor-section-content-middle elementor-section-boxed elementor-section-height-default elementor-section-items-middle\" data-id=\"fb7b91b\" data-element_type=\"section\" data-settings=\"{&quot;background_background&quot;:&quot;classic&quot;}\">\n\t\t\t\t\t\t<div class=\"elementor-container elementor-column-gap-default\">\n\t\t\t\t\t\t\t<div class=\"elementor-row\">\n\t\t\t\t\t<div class=\"elementor-column elementor-col-50 elementor-top-column elementor-element elementor-element-efd1392\" data-id=\"efd1392\" data-element_type=\"column\">\n\t\t\t<div class=\"elementor-column-wrap elementor-element-populated\">\n\t\t\t\t\t\t\t<div class=\"elementor-widget-wrap\">\n\t\t\t\t\t\t<div class=\"elementor-element elementor-element-0a97723 elementor-widget-tablet__width-initial elementor-widget-mobile__width-initial elementor-widget elementor-widget-site-logo\" data-id=\"0a97723\" data-element_type=\"widget\" data-widget_type=\"site-logo.default\">\n\t\t\t\t<div class=\"elementor-widget-container\">\n\t\t\t\t\t<div class=\"hfe-site-logo\">\n\t\t\t\t\t\t\t\t\t\t\t\t\t<a data-elementor-open-lightbox=\"\"  class='elementor-clickable' href=\"http:\/\/www.jylsoluciones.com\/el%20salvador\">\n\t\t\t\t\t\t\t<div class=\"hfe-site-logo-set\">           \n\t\t\t\t<div class=\"hfe-site-logo-container\">\n\t\t\t\t\t<img class=\"hfe-site-logo-img elementor-animation-\"  src=\"http:\/\/www.jylsoluciones.com\/el%20salvador\/wp-content\/uploads\/2020\/09\/Logo-J-y-L-Salvador.png\"\/>\n\t\t\t\t<\/div>\n\t\t\t<\/div>\n\t\t\t\t\t\t\t<\/a>\n\t\t\t\t\t\t<\/div>  \n\t\t\t\t\t<\/div>\n\t\t\t\t<\/div>\n\t\t\t\t\t\t<\/div>\n\t\t\t\t\t<\/div>\n\t\t<\/div>\n\t\t\t\t<div class=\"elementor-column elementor-col-50 elementor-top-column elementor-element elementor-element-df26007\" data-id=\"df26007\" data-element_type=\"column\">\n\t\t\t<div class=\"elementor-column-wrap elementor-element-populated\">\n\t\t\t\t\t\t\t<div class=\"elementor-widget-wrap\">\n\t\t\t\t\t\t<div class=\"elementor-element elementor-element-fc5f185 elementor-nav-menu__align-right elementor-nav-menu--indicator-none elementor-absolute elementor-nav-menu--dropdown-tablet elementor-nav-menu__text-align-aside elementor-nav-menu--toggle elementor-nav-menu--burger elementor-widget elementor-widget-nav-menu\" data-id=\"fc5f185\" data-element_type=\"widget\" data-settings=\"{&quot;_position&quot;:&quot;absolute&quot;,&quot;layout&quot;:&quot;horizontal&quot;,&quot;toggle&quot;:&quot;burger&quot;}\" data-widget_type=\"nav-menu.default\">\n\t\t\t\t<div class=\"elementor-widget-container\">\n\t\t\t\t\t\t<nav role=\"navigation\" class=\"elementor-nav-menu--main elementor-nav-menu__container elementor-nav-menu--layout-horizontal e--pointer-none\"><ul id=\"menu-1-fc5f185\" class=\"elementor-nav-menu\"><li class=\"menu-item menu-item-type-post_type menu-item-object-page menu-item-home menu-item-615\"><a href=\"http:\/\/www.jylsoluciones.com\/el%20salvador\/\" class=\"elementor-item\">INICIO<\/a><\/li>\n<li class=\"menu-item menu-item-type-post_type menu-item-object-page menu-item-614\"><a href=\"http:\/\/www.jylsoluciones.com\/el%20salvador\/index.php\/empresa-2\/\" class=\"elementor-item\">EMPRESA<\/a><\/li>\n<li class=\"menu-item menu-item-type-post_type menu-item-object-page menu-item-612\"><a href=\"http:\/\/www.jylsoluciones.com\/el%20salvador\/index.php\/servicios-2\/\" class=\"elementor-item\">SERVICIOS<\/a><\/li>\n<li class=\"menu-item menu-item-type-post_type menu-item-object-page menu-item-613\"><a href=\"http:\/\/www.jylsoluciones.com\/el%20salvador\/index.php\/productos-2\/\" class=\"elementor-item\">PRODUCTOS<\/a><\/li>\n<li class=\"menu-item menu-item-type-post_type menu-item-object-page menu-item-611\"><a href=\"http:\/\/www.jylsoluciones.com\/el%20salvador\/index.php\/contacto-2\/\" class=\"elementor-item\">CONTACTO<\/a><\/li>\n<li class=\"menu-item menu-item-type-custom menu-item-object-custom menu-item-756\"><a href=\"http:\/\/www.jylsoluciones.com\/Costa%20Rica\" class=\"elementor-item\">IR A JYL COSTA RICA<\/a><\/li>\n<\/ul><\/nav>\n\t\t\t\t\t<div class=\"elementor-menu-toggle\" role=\"button\" tabindex=\"0\" aria-label=\"Menu Toggle\" aria-expanded=\"false\">\n\t\t\t<i class=\"eicon-menu-bar\" aria-hidden=\"true\"><\/i>\n\t\t\t<span class=\"elementor-screen-only\">Menu<\/span>\n\t\t<\/div>\n\t\t\t<nav class=\"elementor-nav-menu--dropdown elementor-nav-menu__container\" role=\"navigation\" aria-hidden=\"true\"><ul id=\"menu-2-fc5f185\" class=\"elementor-nav-menu\"><li class=\"menu-item menu-item-type-post_type menu-item-object-page menu-item-home menu-item-615\"><a href=\"http:\/\/www.jylsoluciones.com\/el%20salvador\/\" class=\"elementor-item\">INICIO<\/a><\/li>\n<li class=\"menu-item menu-item-type-post_type menu-item-object-page menu-item-614\"><a href=\"http:\/\/www.jylsoluciones.com\/el%20salvador\/index.php\/empresa-2\/\" class=\"elementor-item\">EMPRESA<\/a><\/li>\n<li class=\"menu-item menu-item-type-post_type menu-item-object-page menu-item-612\"><a href=\"http:\/\/www.jylsoluciones.com\/el%20salvador\/index.php\/servicios-2\/\" class=\"elementor-item\">SERVICIOS<\/a><\/li>\n<li class=\"menu-item menu-item-type-post_type menu-item-object-page menu-item-613\"><a href=\"http:\/\/www.jylsoluciones.com\/el%20salvador\/index.php\/productos-2\/\" class=\"elementor-item\">PRODUCTOS<\/a><\/li>\n<li class=\"menu-item menu-item-type-post_type menu-item-object-page menu-item-611\"><a href=\"http:\/\/www.jylsoluciones.com\/el%20salvador\/index.php\/contacto-2\/\" class=\"elementor-item\">CONTACTO<\/a><\/li>\n<li class=\"menu-item menu-item-type-custom menu-item-object-custom menu-item-756\"><a href=\"http:\/\/www.jylsoluciones.com\/Costa%20Rica\" class=\"elementor-item\">IR A JYL COSTA RICA<\/a><\/li>\n<\/ul><\/nav>\n\t\t\t\t<\/div>\n\t\t\t\t<\/div>\n\t\t\t\t\t\t<\/div>\n\t\t\t\t\t<\/div>\n\t\t<\/div>\n\t\t\t\t\t\t\t\t<\/div>\n\t\t\t\t\t<\/div>\n\t\t<\/section>\n\t\t\t\t<section class=\"elementor-section elementor-top-section elementor-element elementor-element-8370bc6 elementor-section-boxed elementor-section-height-default elementor-section-height-default\" data-id=\"8370bc6\" data-element_type=\"section\" data-settings=\"{&quot;background_background&quot;:&quot;classic&quot;}\">\n\t\t\t\t\t\t<div class=\"elementor-container elementor-column-gap-default\">\n\t\t\t\t\t\t\t<div class=\"elementor-row\">\n\t\t\t\t\t<div class=\"elementor-column elementor-col-100 elementor-top-column elementor-element elementor-element-279579b\" data-id=\"279579b\" data-element_type=\"column\">\n\t\t\t<div class=\"elementor-column-wrap elementor-element-populated\">\n\t\t\t\t\t\t\t<div class=\"elementor-widget-wrap\">\n\t\t\t\t\t\t<div class=\"elementor-element elementor-element-3b38513 elementor-widget elementor-widget-spacer\" data-id=\"3b38513\" data-element_type=\"widget\" data-widget_type=\"spacer.default\">\n\t\t\t\t<div class=\"elementor-widget-container\">\n\t\t\t\t\t<div class=\"elementor-spacer\">\n\t\t\t<div class=\"elementor-spacer-inner\"><\/div>\n\t\t<\/div>\n\t\t\t\t<\/div>\n\t\t\t\t<\/div>\n\t\t\t\t\t\t<\/div>\n\t\t\t\t\t<\/div>\n\t\t<\/div>\n\t\t\t\t\t\t\t\t<\/div>\n\t\t\t\t\t<\/div>\n\t\t<\/section>\n\t\t\t\t<section class=\"elementor-section elementor-top-section elementor-element elementor-element-e807db2 elementor-section-boxed elementor-section-height-default elementor-section-height-default\" data-id=\"e807db2\" data-element_type=\"section\" data-settings=\"{&quot;background_background&quot;:&quot;classic&quot;}\">\n\t\t\t\t\t\t<div class=\"elementor-container elementor-column-gap-default\">\n\t\t\t\t\t\t\t<div class=\"elementor-row\">\n\t\t\t\t\t<div class=\"elementor-column elementor-col-50 elementor-top-column elementor-element elementor-element-f64b799\" data-id=\"f64b799\" data-element_type=\"column\">\n\t\t\t<div class=\"elementor-column-wrap elementor-element-populated\">\n\t\t\t\t\t\t\t<div class=\"elementor-widget-wrap\">\n\t\t\t\t\t\t<div class=\"elementor-element elementor-element-76597a8 elementor-widget elementor-widget-image\" data-id=\"76597a8\" data-element_type=\"widget\" data-widget_type=\"image.default\">\n\t\t\t\t<div class=\"elementor-widget-container\">\n\t\t\t\t\t<div class=\"elementor-image\">\n\t\t\t\t\t\t\t\t\t\t<img width=\"347\" height=\"269\" src=\"http:\/\/www.jylsoluciones.com\/el%20salvador\/wp-content\/uploads\/2020\/09\/duc-tape-e1431702079533.png\" class=\"attachment-large size-large\" alt=\"\" loading=\"lazy\" srcset=\"http:\/\/www.jylsoluciones.com\/el%20salvador\/wp-content\/uploads\/2020\/09\/duc-tape-e1431702079533.png 347w, http:\/\/www.jylsoluciones.com\/el%20salvador\/wp-content\/uploads\/2020\/09\/duc-tape-e1431702079533-300x233.png 300w\" sizes=\"(max-width: 347px) 100vw, 347px\" \/>\t\t\t\t\t\t\t\t\t\t\t<\/div>\n\t\t\t\t<\/div>\n\t\t\t\t<\/div>\n\t\t\t\t\t\t<\/div>\n\t\t\t\t\t<\/div>\n\t\t<\/div>\n\t\t\t\t<div class=\"elementor-column elementor-col-50 elementor-top-column elementor-element elementor-element-c22cbbb\" data-id=\"c22cbbb\" data-element_type=\"column\">\n\t\t\t<div class=\"elementor-column-wrap elementor-element-populated\">\n\t\t\t\t\t\t\t<div class=\"elementor-widget-wrap\">\n\t\t\t\t\t\t<div class=\"elementor-element elementor-element-ebf0785 elementor-widget elementor-widget-heading\" data-id=\"ebf0785\" data-element_type=\"widget\" data-widget_type=\"heading.default\">\n\t\t\t\t<div class=\"elementor-widget-container\">\n\t\t\t<h2 class=\"elementor-heading-title elementor-size-default\">Descripci\u00f3n del producto<\/h2>\t\t<\/div>\n\t\t\t\t<\/div>\n\t\t\t\t<div class=\"elementor-element elementor-element-b09d460 elementor-widget elementor-widget-text-editor\" data-id=\"b09d460\" data-element_type=\"widget\" data-widget_type=\"text-editor.default\">\n\t\t\t\t<div class=\"elementor-widget-container\">\n\t\t\t\t\t<div class=\"elementor-text-editor elementor-clearfix\"><p>Respaldo de tela recubierta de polietileno resiste a la humedad y condiciones en exteriores. Sella uniones de conductos para aire acondicionado o calefacci\u00f3n, f\u00e1cil de cortar a mano. Adhesivo de caucho que adhiere agresivamente a variadas superficies, dando gran poder de sujeci\u00f3n y sellado.<\/p><\/div>\n\t\t\t\t<\/div>\n\t\t\t\t<\/div>\n\t\t\t\t\t\t<\/div>\n\t\t\t\t\t<\/div>\n\t\t<\/div>\n\t\t\t\t\t\t\t\t<\/div>\n\t\t\t\t\t<\/div>\n\t\t<\/section>\n\t\t\t\t<section class=\"elementor-section elementor-top-section elementor-element elementor-element-27d22dc elementor-section-boxed elementor-section-height-default elementor-section-height-default\" data-id=\"27d22dc\" data-element_type=\"section\" data-settings=\"{&quot;background_background&quot;:&quot;classic&quot;}\">\n\t\t\t\t\t\t<div class=\"elementor-container elementor-column-gap-default\">\n\t\t\t\t\t\t\t<div class=\"elementor-row\">\n\t\t\t\t\t<div class=\"elementor-column elementor-col-100 elementor-top-column elementor-element elementor-element-a3aad46\" data-id=\"a3aad46\" data-element_type=\"column\">\n\t\t\t<div class=\"elementor-column-wrap elementor-element-populated\">\n\t\t\t\t\t\t\t<div class=\"elementor-widget-wrap\">\n\t\t\t\t\t\t<div class=\"elementor-element elementor-element-3008cf6 elementor-widget elementor-widget-spacer\" data-id=\"3008cf6\" data-element_type=\"widget\" data-widget_type=\"spacer.default\">\n\t\t\t\t<div class=\"elementor-widget-container\">\n\t\t\t\t\t<div class=\"elementor-spacer\">\n\t\t\t<div class=\"elementor-spacer-inner\"><\/div>\n\t\t<\/div>\n\t\t\t\t<\/div>\n\t\t\t\t<\/div>\n\t\t\t\t\t\t<\/div>\n\t\t\t\t\t<\/div>\n\t\t<\/div>\n\t\t\t\t\t\t\t\t<\/div>\n\t\t\t\t\t<\/div>\n\t\t<\/section>\n\t\t\t\t\t\t<\/div>\n\t\t\t\t\t\t<\/div>\n\t\t\t\t\t<\/div>\n\t\t","protected":false},"excerpt":{"rendered":"<p>Descripci\u00f3n del producto Respaldo de tela recubierta de polietileno resiste a la humedad y condiciones en exteriores. Sella uniones de conductos para aire acondicionado o calefacci\u00f3n, f\u00e1cil de cortar a mano. Adhesivo de caucho que adhiere agresivamente a variadas superficies, dando gran poder de sujeci\u00f3n y sellado.<\/p>\n","protected":false},"featured_media":252,"comment_status":"open","ping_status":"closed","template":"elementor_canvas","meta":[],"_links":{"self":[{"href":"http:\/\/www.jylsoluciones.com\/el%20salvador\/index.php\/wp-json\/wp\/v2\/product\/251"}],"collection":[{"href":"http:\/\/www.jylsoluciones.com\/el%20salvador\/index.php\/wp-json\/wp\/v2\/product"}],"about":[{"href":"http:\/\/www.jylsoluciones.com\/el%20salvador\/index.php\/wp-json\/wp\/v2\/types\/product"}],"replies":[{"embeddable":true,"href":"http:\/\/www.jylsoluciones.com\/el%20salvador\/index.php\/wp-json\/wp\/v2\/comments?post=251"}],"version-history":[{"count":6,"href":"http:\/\/www.jylsoluciones.com\/el%20salvador\/index.php\/wp-json\/wp\/v2\/product\/251\/revisions"}],"predecessor-version":[{"id":1046,"href":"http:\/\/www.jylsoluciones.com\/el%20salvador\/index.php\/wp-json\/wp\/v2\/product\/251\/revisions\/1046"}],"wp:featuredmedia":[{"embeddable":true,"href":"http:\/\/www.jylsoluciones.com\/el%20salvador\/index.php\/wp-json\/wp\/v2\/media\/252"}],"wp:attachment":[{"href":"http:\/\/www.jylsoluciones.com\/el%20salvador\/index.php\/wp-json\/wp\/v2\/media?parent=251"}],"curies":[{"name":"wp","href":"https:\/\/api.w.org\/{rel}","templated":true}]}}