{"id":247,"date":"2020-09-16T18:00:37","date_gmt":"2020-09-16T18:00:37","guid":{"rendered":"http:\/\/www.jylsoluciones.com\/Costa%20Rica\/?post_type=product&#038;p=247"},"modified":"2020-10-01T17:07:00","modified_gmt":"2020-10-01T17:07:00","slug":"hot-stamping","status":"publish","type":"product","link":"http:\/\/www.jylsoluciones.com\/el%20salvador\/index.php\/producto\/hot-stamping\/","title":{"rendered":"Hot stamping"},"content":{"rendered":"\t\t<div data-elementor-type=\"product-post\" data-elementor-id=\"247\" class=\"elementor elementor-247\" data-elementor-settings=\"[]\">\n\t\t\t\t\t\t<div class=\"elementor-inner\">\n\t\t\t\t\t\t\t<div class=\"elementor-section-wrap\">\n\t\t\t\t\t\t\t<section class=\"elementor-section elementor-top-section elementor-element elementor-element-e653db8 elementor-section-height-min-height elementor-section-content-middle elementor-section-boxed elementor-section-height-default elementor-section-items-middle\" data-id=\"e653db8\" data-element_type=\"section\" data-settings=\"{&quot;background_background&quot;:&quot;classic&quot;}\">\n\t\t\t\t\t\t<div class=\"elementor-container elementor-column-gap-default\">\n\t\t\t\t\t\t\t<div class=\"elementor-row\">\n\t\t\t\t\t<div class=\"elementor-column elementor-col-50 elementor-top-column elementor-element elementor-element-769dc16\" data-id=\"769dc16\" data-element_type=\"column\">\n\t\t\t<div class=\"elementor-column-wrap elementor-element-populated\">\n\t\t\t\t\t\t\t<div class=\"elementor-widget-wrap\">\n\t\t\t\t\t\t<div class=\"elementor-element elementor-element-3949575 elementor-widget-tablet__width-initial elementor-widget-mobile__width-initial elementor-widget elementor-widget-site-logo\" data-id=\"3949575\" data-element_type=\"widget\" data-widget_type=\"site-logo.default\">\n\t\t\t\t<div class=\"elementor-widget-container\">\n\t\t\t\t\t<div class=\"hfe-site-logo\">\n\t\t\t\t\t\t\t\t\t\t\t\t\t<a data-elementor-open-lightbox=\"\"  class='elementor-clickable' href=\"http:\/\/www.jylsoluciones.com\/el%20salvador\">\n\t\t\t\t\t\t\t<div class=\"hfe-site-logo-set\">           \n\t\t\t\t<div class=\"hfe-site-logo-container\">\n\t\t\t\t\t<img class=\"hfe-site-logo-img elementor-animation-\"  src=\"http:\/\/www.jylsoluciones.com\/el%20salvador\/wp-content\/uploads\/2020\/09\/Logo-J-y-L-Salvador.png\"\/>\n\t\t\t\t<\/div>\n\t\t\t<\/div>\n\t\t\t\t\t\t\t<\/a>\n\t\t\t\t\t\t<\/div>  \n\t\t\t\t\t<\/div>\n\t\t\t\t<\/div>\n\t\t\t\t\t\t<\/div>\n\t\t\t\t\t<\/div>\n\t\t<\/div>\n\t\t\t\t<div class=\"elementor-column elementor-col-50 elementor-top-column elementor-element elementor-element-d8fa2b2\" data-id=\"d8fa2b2\" data-element_type=\"column\">\n\t\t\t<div class=\"elementor-column-wrap elementor-element-populated\">\n\t\t\t\t\t\t\t<div class=\"elementor-widget-wrap\">\n\t\t\t\t\t\t<div class=\"elementor-element elementor-element-dbff327 elementor-nav-menu__align-right elementor-nav-menu--indicator-none elementor-absolute elementor-nav-menu--dropdown-tablet elementor-nav-menu__text-align-aside elementor-nav-menu--toggle elementor-nav-menu--burger elementor-widget elementor-widget-nav-menu\" data-id=\"dbff327\" data-element_type=\"widget\" data-settings=\"{&quot;_position&quot;:&quot;absolute&quot;,&quot;layout&quot;:&quot;horizontal&quot;,&quot;toggle&quot;:&quot;burger&quot;}\" data-widget_type=\"nav-menu.default\">\n\t\t\t\t<div class=\"elementor-widget-container\">\n\t\t\t\t\t\t<nav role=\"navigation\" class=\"elementor-nav-menu--main elementor-nav-menu__container elementor-nav-menu--layout-horizontal e--pointer-none\"><ul id=\"menu-1-dbff327\" class=\"elementor-nav-menu\"><li class=\"menu-item menu-item-type-post_type menu-item-object-page menu-item-home menu-item-615\"><a href=\"http:\/\/www.jylsoluciones.com\/el%20salvador\/\" class=\"elementor-item\">INICIO<\/a><\/li>\n<li class=\"menu-item menu-item-type-post_type menu-item-object-page menu-item-614\"><a href=\"http:\/\/www.jylsoluciones.com\/el%20salvador\/index.php\/empresa-2\/\" class=\"elementor-item\">EMPRESA<\/a><\/li>\n<li class=\"menu-item menu-item-type-post_type menu-item-object-page menu-item-612\"><a href=\"http:\/\/www.jylsoluciones.com\/el%20salvador\/index.php\/servicios-2\/\" class=\"elementor-item\">SERVICIOS<\/a><\/li>\n<li class=\"menu-item menu-item-type-post_type menu-item-object-page menu-item-613\"><a href=\"http:\/\/www.jylsoluciones.com\/el%20salvador\/index.php\/productos-2\/\" class=\"elementor-item\">PRODUCTOS<\/a><\/li>\n<li class=\"menu-item menu-item-type-post_type menu-item-object-page menu-item-611\"><a href=\"http:\/\/www.jylsoluciones.com\/el%20salvador\/index.php\/contacto-2\/\" class=\"elementor-item\">CONTACTO<\/a><\/li>\n<li class=\"menu-item menu-item-type-custom menu-item-object-custom menu-item-756\"><a href=\"http:\/\/www.jylsoluciones.com\/Costa%20Rica\" class=\"elementor-item\">IR A JYL COSTA RICA<\/a><\/li>\n<\/ul><\/nav>\n\t\t\t\t\t<div class=\"elementor-menu-toggle\" role=\"button\" tabindex=\"0\" aria-label=\"Menu Toggle\" aria-expanded=\"false\">\n\t\t\t<i class=\"eicon-menu-bar\" aria-hidden=\"true\"><\/i>\n\t\t\t<span class=\"elementor-screen-only\">Menu<\/span>\n\t\t<\/div>\n\t\t\t<nav class=\"elementor-nav-menu--dropdown elementor-nav-menu__container\" role=\"navigation\" aria-hidden=\"true\"><ul id=\"menu-2-dbff327\" class=\"elementor-nav-menu\"><li class=\"menu-item menu-item-type-post_type menu-item-object-page menu-item-home menu-item-615\"><a href=\"http:\/\/www.jylsoluciones.com\/el%20salvador\/\" class=\"elementor-item\">INICIO<\/a><\/li>\n<li class=\"menu-item menu-item-type-post_type menu-item-object-page menu-item-614\"><a href=\"http:\/\/www.jylsoluciones.com\/el%20salvador\/index.php\/empresa-2\/\" class=\"elementor-item\">EMPRESA<\/a><\/li>\n<li class=\"menu-item menu-item-type-post_type menu-item-object-page menu-item-612\"><a href=\"http:\/\/www.jylsoluciones.com\/el%20salvador\/index.php\/servicios-2\/\" class=\"elementor-item\">SERVICIOS<\/a><\/li>\n<li class=\"menu-item menu-item-type-post_type menu-item-object-page menu-item-613\"><a href=\"http:\/\/www.jylsoluciones.com\/el%20salvador\/index.php\/productos-2\/\" class=\"elementor-item\">PRODUCTOS<\/a><\/li>\n<li class=\"menu-item menu-item-type-post_type menu-item-object-page menu-item-611\"><a href=\"http:\/\/www.jylsoluciones.com\/el%20salvador\/index.php\/contacto-2\/\" class=\"elementor-item\">CONTACTO<\/a><\/li>\n<li class=\"menu-item menu-item-type-custom menu-item-object-custom menu-item-756\"><a href=\"http:\/\/www.jylsoluciones.com\/Costa%20Rica\" class=\"elementor-item\">IR A JYL COSTA RICA<\/a><\/li>\n<\/ul><\/nav>\n\t\t\t\t<\/div>\n\t\t\t\t<\/div>\n\t\t\t\t\t\t<\/div>\n\t\t\t\t\t<\/div>\n\t\t<\/div>\n\t\t\t\t\t\t\t\t<\/div>\n\t\t\t\t\t<\/div>\n\t\t<\/section>\n\t\t\t\t<section class=\"elementor-section elementor-top-section elementor-element elementor-element-7f0afe9 elementor-section-boxed elementor-section-height-default elementor-section-height-default\" data-id=\"7f0afe9\" data-element_type=\"section\" data-settings=\"{&quot;background_background&quot;:&quot;classic&quot;}\">\n\t\t\t\t\t\t<div class=\"elementor-container elementor-column-gap-default\">\n\t\t\t\t\t\t\t<div class=\"elementor-row\">\n\t\t\t\t\t<div class=\"elementor-column elementor-col-100 elementor-top-column elementor-element elementor-element-16faeef\" data-id=\"16faeef\" data-element_type=\"column\">\n\t\t\t<div class=\"elementor-column-wrap elementor-element-populated\">\n\t\t\t\t\t\t\t<div class=\"elementor-widget-wrap\">\n\t\t\t\t\t\t<div class=\"elementor-element elementor-element-7e83de2 elementor-widget elementor-widget-spacer\" data-id=\"7e83de2\" data-element_type=\"widget\" data-widget_type=\"spacer.default\">\n\t\t\t\t<div class=\"elementor-widget-container\">\n\t\t\t\t\t<div class=\"elementor-spacer\">\n\t\t\t<div class=\"elementor-spacer-inner\"><\/div>\n\t\t<\/div>\n\t\t\t\t<\/div>\n\t\t\t\t<\/div>\n\t\t\t\t\t\t<\/div>\n\t\t\t\t\t<\/div>\n\t\t<\/div>\n\t\t\t\t\t\t\t\t<\/div>\n\t\t\t\t\t<\/div>\n\t\t<\/section>\n\t\t\t\t<section class=\"elementor-section elementor-top-section elementor-element elementor-element-c9b63d4 elementor-section-boxed elementor-section-height-default elementor-section-height-default\" data-id=\"c9b63d4\" data-element_type=\"section\" data-settings=\"{&quot;background_background&quot;:&quot;classic&quot;}\">\n\t\t\t\t\t\t<div class=\"elementor-container elementor-column-gap-default\">\n\t\t\t\t\t\t\t<div class=\"elementor-row\">\n\t\t\t\t\t<div class=\"elementor-column elementor-col-50 elementor-top-column elementor-element elementor-element-3e734d1\" data-id=\"3e734d1\" data-element_type=\"column\">\n\t\t\t<div class=\"elementor-column-wrap elementor-element-populated\">\n\t\t\t\t\t\t\t<div class=\"elementor-widget-wrap\">\n\t\t\t\t\t\t<div class=\"elementor-element elementor-element-950cddc elementor-widget elementor-widget-image\" data-id=\"950cddc\" data-element_type=\"widget\" data-widget_type=\"image.default\">\n\t\t\t\t<div class=\"elementor-widget-container\">\n\t\t\t\t\t<div class=\"elementor-image\">\n\t\t\t\t\t\t\t\t\t\t<img width=\"447\" height=\"353\" src=\"http:\/\/www.jylsoluciones.com\/el%20salvador\/wp-content\/uploads\/2020\/09\/Hot-stamping-e1431699576278.png\" class=\"attachment-large size-large\" alt=\"\" loading=\"lazy\" srcset=\"http:\/\/www.jylsoluciones.com\/el%20salvador\/wp-content\/uploads\/2020\/09\/Hot-stamping-e1431699576278.png 447w, http:\/\/www.jylsoluciones.com\/el%20salvador\/wp-content\/uploads\/2020\/09\/Hot-stamping-e1431699576278-300x237.png 300w\" sizes=\"(max-width: 447px) 100vw, 447px\" \/>\t\t\t\t\t\t\t\t\t\t\t<\/div>\n\t\t\t\t<\/div>\n\t\t\t\t<\/div>\n\t\t\t\t\t\t<\/div>\n\t\t\t\t\t<\/div>\n\t\t<\/div>\n\t\t\t\t<div class=\"elementor-column elementor-col-50 elementor-top-column elementor-element elementor-element-4b21017\" data-id=\"4b21017\" data-element_type=\"column\">\n\t\t\t<div class=\"elementor-column-wrap elementor-element-populated\">\n\t\t\t\t\t\t\t<div class=\"elementor-widget-wrap\">\n\t\t\t\t\t\t<div class=\"elementor-element elementor-element-56105b6 elementor-widget elementor-widget-heading\" data-id=\"56105b6\" data-element_type=\"widget\" data-widget_type=\"heading.default\">\n\t\t\t\t<div class=\"elementor-widget-container\">\n\t\t\t<h2 class=\"elementor-heading-title elementor-size-default\">Descripci\u00f3n del producto<\/h2>\t\t<\/div>\n\t\t\t\t<\/div>\n\t\t\t\t<div class=\"elementor-element elementor-element-70432b5 elementor-widget elementor-widget-text-editor\" data-id=\"70432b5\" data-element_type=\"widget\" data-widget_type=\"text-editor.default\">\n\t\t\t\t<div class=\"elementor-widget-container\">\n\t\t\t\t\t<div class=\"elementor-text-editor elementor-clearfix\"><p>El Hot stamping es una t\u00e9cnica de impresi\u00f3n por calor. Se realiza a partir de un clich\u00e9 que presiona una delgada pel\u00edcula y transfiere por calor (entre 100\u00ba y 300\u00ba) el motivo sobre diversos materiales como el cart\u00f3n, tela, pl\u00e1stico y madera.<\/p><p>Las aplicaciones son muy variadas: cajas, etiquetas, libros, revistas, electrodom\u00e9sticos, tarjetas, cosm\u00e9ticos, entradas, etc. Tiene un excelente resultado si aplicamos el stamping sobre plastificado mate, se logra un alto contraste visual y al tacto.<\/p><\/div>\n\t\t\t\t<\/div>\n\t\t\t\t<\/div>\n\t\t\t\t\t\t<\/div>\n\t\t\t\t\t<\/div>\n\t\t<\/div>\n\t\t\t\t\t\t\t\t<\/div>\n\t\t\t\t\t<\/div>\n\t\t<\/section>\n\t\t\t\t<section class=\"elementor-section elementor-top-section elementor-element elementor-element-3ea1d5c elementor-section-boxed elementor-section-height-default elementor-section-height-default\" data-id=\"3ea1d5c\" data-element_type=\"section\" data-settings=\"{&quot;background_background&quot;:&quot;classic&quot;}\">\n\t\t\t\t\t\t<div class=\"elementor-container elementor-column-gap-default\">\n\t\t\t\t\t\t\t<div class=\"elementor-row\">\n\t\t\t\t\t<div class=\"elementor-column elementor-col-100 elementor-top-column elementor-element elementor-element-723fa0e\" data-id=\"723fa0e\" data-element_type=\"column\">\n\t\t\t<div class=\"elementor-column-wrap elementor-element-populated\">\n\t\t\t\t\t\t\t<div class=\"elementor-widget-wrap\">\n\t\t\t\t\t\t<div class=\"elementor-element elementor-element-01c34c9 elementor-widget elementor-widget-spacer\" data-id=\"01c34c9\" data-element_type=\"widget\" data-widget_type=\"spacer.default\">\n\t\t\t\t<div class=\"elementor-widget-container\">\n\t\t\t\t\t<div class=\"elementor-spacer\">\n\t\t\t<div class=\"elementor-spacer-inner\"><\/div>\n\t\t<\/div>\n\t\t\t\t<\/div>\n\t\t\t\t<\/div>\n\t\t\t\t\t\t<\/div>\n\t\t\t\t\t<\/div>\n\t\t<\/div>\n\t\t\t\t\t\t\t\t<\/div>\n\t\t\t\t\t<\/div>\n\t\t<\/section>\n\t\t\t\t\t\t<\/div>\n\t\t\t\t\t\t<\/div>\n\t\t\t\t\t<\/div>\n\t\t","protected":false},"excerpt":{"rendered":"<p>Descripci\u00f3n del producto El Hot stamping es una t\u00e9cnica de impresi\u00f3n por calor. Se realiza a partir de un clich\u00e9 que presiona una delgada pel\u00edcula y transfiere por calor (entre 100\u00ba y 300\u00ba) el motivo sobre diversos materiales como el cart\u00f3n, tela, pl\u00e1stico y madera. Las aplicaciones son muy variadas: cajas, etiquetas, libros, revistas, electrodom\u00e9sticos, [&hellip;]<\/p>\n","protected":false},"featured_media":248,"comment_status":"open","ping_status":"closed","template":"elementor_canvas","meta":[],"_links":{"self":[{"href":"http:\/\/www.jylsoluciones.com\/el%20salvador\/index.php\/wp-json\/wp\/v2\/product\/247"}],"collection":[{"href":"http:\/\/www.jylsoluciones.com\/el%20salvador\/index.php\/wp-json\/wp\/v2\/product"}],"about":[{"href":"http:\/\/www.jylsoluciones.com\/el%20salvador\/index.php\/wp-json\/wp\/v2\/types\/product"}],"replies":[{"embeddable":true,"href":"http:\/\/www.jylsoluciones.com\/el%20salvador\/index.php\/wp-json\/wp\/v2\/comments?post=247"}],"version-history":[{"count":5,"href":"http:\/\/www.jylsoluciones.com\/el%20salvador\/index.php\/wp-json\/wp\/v2\/product\/247\/revisions"}],"predecessor-version":[{"id":1053,"href":"http:\/\/www.jylsoluciones.com\/el%20salvador\/index.php\/wp-json\/wp\/v2\/product\/247\/revisions\/1053"}],"wp:featuredmedia":[{"embeddable":true,"href":"http:\/\/www.jylsoluciones.com\/el%20salvador\/index.php\/wp-json\/wp\/v2\/media\/248"}],"wp:attachment":[{"href":"http:\/\/www.jylsoluciones.com\/el%20salvador\/index.php\/wp-json\/wp\/v2\/media?parent=247"}],"curies":[{"name":"wp","href":"https:\/\/api.w.org\/{rel}","templated":true}]}}