{"id":605,"date":"2020-09-03T19:31:47","date_gmt":"2020-09-03T19:31:47","guid":{"rendered":"http:\/\/www.jylsoluciones.com\/Costa%20Rica\/?page_id=42"},"modified":"2020-10-02T15:35:15","modified_gmt":"2020-10-02T15:35:15","slug":"servicios-2","status":"publish","type":"page","link":"http:\/\/www.jylsoluciones.com\/el%20salvador\/index.php\/servicios-2\/","title":{"rendered":"SERVICIOS"},"content":{"rendered":"\t\t<div data-elementor-type=\"wp-page\" data-elementor-id=\"605\" class=\"elementor elementor-605\" data-elementor-settings=\"[]\">\n\t\t\t\t\t\t<div class=\"elementor-inner\">\n\t\t\t\t\t\t\t<div class=\"elementor-section-wrap\">\n\t\t\t\t\t\t\t<section class=\"elementor-section elementor-top-section elementor-element elementor-element-fe3d956 elementor-section-height-min-height elementor-section-content-middle elementor-section-boxed elementor-section-height-default elementor-section-items-middle\" data-id=\"fe3d956\" data-element_type=\"section\" data-settings=\"{&quot;background_background&quot;:&quot;classic&quot;}\">\n\t\t\t\t\t\t<div class=\"elementor-container elementor-column-gap-default\">\n\t\t\t\t\t\t\t<div class=\"elementor-row\">\n\t\t\t\t\t<div class=\"elementor-column elementor-col-50 elementor-top-column elementor-element elementor-element-0e7a986\" data-id=\"0e7a986\" data-element_type=\"column\">\n\t\t\t<div class=\"elementor-column-wrap elementor-element-populated\">\n\t\t\t\t\t\t\t<div class=\"elementor-widget-wrap\">\n\t\t\t\t\t\t<div class=\"elementor-element elementor-element-b6fd088 elementor-widget-tablet__width-initial elementor-widget-mobile__width-initial elementor-widget elementor-widget-site-logo\" data-id=\"b6fd088\" data-element_type=\"widget\" data-widget_type=\"site-logo.default\">\n\t\t\t\t<div class=\"elementor-widget-container\">\n\t\t\t\t\t<div class=\"hfe-site-logo\">\n\t\t\t\t\t\t\t\t\t\t\t\t\t<a data-elementor-open-lightbox=\"\"  class='elementor-clickable' href=\"http:\/\/www.jylsoluciones.com\/el%20salvador\">\n\t\t\t\t\t\t\t<div class=\"hfe-site-logo-set\">           \n\t\t\t\t<div class=\"hfe-site-logo-container\">\n\t\t\t\t\t<img class=\"hfe-site-logo-img elementor-animation-\"  src=\"http:\/\/www.jylsoluciones.com\/el%20salvador\/wp-content\/uploads\/2020\/09\/Logo-J-y-L-Salvador.png\"\/>\n\t\t\t\t<\/div>\n\t\t\t<\/div>\n\t\t\t\t\t\t\t<\/a>\n\t\t\t\t\t\t<\/div>  \n\t\t\t\t\t<\/div>\n\t\t\t\t<\/div>\n\t\t\t\t\t\t<\/div>\n\t\t\t\t\t<\/div>\n\t\t<\/div>\n\t\t\t\t<div class=\"elementor-column elementor-col-50 elementor-top-column elementor-element elementor-element-a4b7b83\" data-id=\"a4b7b83\" data-element_type=\"column\">\n\t\t\t<div class=\"elementor-column-wrap elementor-element-populated\">\n\t\t\t\t\t\t\t<div class=\"elementor-widget-wrap\">\n\t\t\t\t\t\t<div class=\"elementor-element elementor-element-ec7ae9f elementor-nav-menu__align-right elementor-nav-menu--indicator-none elementor-absolute elementor-nav-menu--dropdown-tablet elementor-nav-menu__text-align-aside elementor-nav-menu--toggle elementor-nav-menu--burger elementor-widget elementor-widget-nav-menu\" data-id=\"ec7ae9f\" data-element_type=\"widget\" data-settings=\"{&quot;_position&quot;:&quot;absolute&quot;,&quot;layout&quot;:&quot;horizontal&quot;,&quot;toggle&quot;:&quot;burger&quot;}\" data-widget_type=\"nav-menu.default\">\n\t\t\t\t<div class=\"elementor-widget-container\">\n\t\t\t\t\t\t<nav role=\"navigation\" class=\"elementor-nav-menu--main elementor-nav-menu__container elementor-nav-menu--layout-horizontal e--pointer-none\"><ul id=\"menu-1-ec7ae9f\" class=\"elementor-nav-menu\"><li class=\"menu-item menu-item-type-post_type menu-item-object-page menu-item-home menu-item-615\"><a href=\"http:\/\/www.jylsoluciones.com\/el%20salvador\/\" class=\"elementor-item\">INICIO<\/a><\/li>\n<li class=\"menu-item menu-item-type-post_type menu-item-object-page menu-item-614\"><a href=\"http:\/\/www.jylsoluciones.com\/el%20salvador\/index.php\/empresa-2\/\" class=\"elementor-item\">EMPRESA<\/a><\/li>\n<li class=\"menu-item menu-item-type-post_type menu-item-object-page menu-item-612\"><a href=\"http:\/\/www.jylsoluciones.com\/el%20salvador\/index.php\/servicios-2\/\" class=\"elementor-item\">SERVICIOS<\/a><\/li>\n<li class=\"menu-item menu-item-type-post_type menu-item-object-page menu-item-613\"><a href=\"http:\/\/www.jylsoluciones.com\/el%20salvador\/index.php\/productos-2\/\" class=\"elementor-item\">PRODUCTOS<\/a><\/li>\n<li class=\"menu-item menu-item-type-post_type menu-item-object-page menu-item-611\"><a href=\"http:\/\/www.jylsoluciones.com\/el%20salvador\/index.php\/contacto-2\/\" class=\"elementor-item\">CONTACTO<\/a><\/li>\n<li class=\"menu-item menu-item-type-custom menu-item-object-custom menu-item-756\"><a href=\"http:\/\/www.jylsoluciones.com\/Costa%20Rica\" class=\"elementor-item\">IR A JYL COSTA RICA<\/a><\/li>\n<\/ul><\/nav>\n\t\t\t\t\t<div class=\"elementor-menu-toggle\" role=\"button\" tabindex=\"0\" aria-label=\"Menu Toggle\" aria-expanded=\"false\">\n\t\t\t<i class=\"eicon-menu-bar\" aria-hidden=\"true\"><\/i>\n\t\t\t<span class=\"elementor-screen-only\">Menu<\/span>\n\t\t<\/div>\n\t\t\t<nav class=\"elementor-nav-menu--dropdown elementor-nav-menu__container\" role=\"navigation\" aria-hidden=\"true\"><ul id=\"menu-2-ec7ae9f\" class=\"elementor-nav-menu\"><li class=\"menu-item menu-item-type-post_type menu-item-object-page menu-item-home menu-item-615\"><a href=\"http:\/\/www.jylsoluciones.com\/el%20salvador\/\" class=\"elementor-item\">INICIO<\/a><\/li>\n<li class=\"menu-item menu-item-type-post_type menu-item-object-page menu-item-614\"><a href=\"http:\/\/www.jylsoluciones.com\/el%20salvador\/index.php\/empresa-2\/\" class=\"elementor-item\">EMPRESA<\/a><\/li>\n<li class=\"menu-item menu-item-type-post_type menu-item-object-page menu-item-612\"><a href=\"http:\/\/www.jylsoluciones.com\/el%20salvador\/index.php\/servicios-2\/\" class=\"elementor-item\">SERVICIOS<\/a><\/li>\n<li class=\"menu-item menu-item-type-post_type menu-item-object-page menu-item-613\"><a href=\"http:\/\/www.jylsoluciones.com\/el%20salvador\/index.php\/productos-2\/\" class=\"elementor-item\">PRODUCTOS<\/a><\/li>\n<li class=\"menu-item menu-item-type-post_type menu-item-object-page menu-item-611\"><a href=\"http:\/\/www.jylsoluciones.com\/el%20salvador\/index.php\/contacto-2\/\" class=\"elementor-item\">CONTACTO<\/a><\/li>\n<li class=\"menu-item menu-item-type-custom menu-item-object-custom menu-item-756\"><a href=\"http:\/\/www.jylsoluciones.com\/Costa%20Rica\" class=\"elementor-item\">IR A JYL COSTA RICA<\/a><\/li>\n<\/ul><\/nav>\n\t\t\t\t<\/div>\n\t\t\t\t<\/div>\n\t\t\t\t\t\t<\/div>\n\t\t\t\t\t<\/div>\n\t\t<\/div>\n\t\t\t\t\t\t\t\t<\/div>\n\t\t\t\t\t<\/div>\n\t\t<\/section>\n\t\t\t\t<section class=\"elementor-section elementor-top-section elementor-element elementor-element-637197d8 elementor-section-content-middle elementor-section-boxed elementor-section-height-default elementor-section-height-default\" data-id=\"637197d8\" data-element_type=\"section\" data-settings=\"{&quot;background_background&quot;:&quot;classic&quot;}\">\n\t\t\t\t\t\t<div class=\"elementor-container elementor-column-gap-no\">\n\t\t\t\t\t\t\t<div class=\"elementor-row\">\n\t\t\t\t\t<div class=\"elementor-column elementor-col-100 elementor-top-column elementor-element elementor-element-43d860d7\" data-id=\"43d860d7\" data-element_type=\"column\">\n\t\t\t<div class=\"elementor-column-wrap elementor-element-populated\">\n\t\t\t\t\t\t\t<div class=\"elementor-widget-wrap\">\n\t\t\t\t\t\t<div class=\"elementor-element elementor-element-7efc9f17 elementor-invisible elementor-widget elementor-widget-heading\" data-id=\"7efc9f17\" data-element_type=\"widget\" data-settings=\"{&quot;_animation&quot;:&quot;zoomIn&quot;}\" data-widget_type=\"heading.default\">\n\t\t\t\t<div class=\"elementor-widget-container\">\n\t\t\t<h4 class=\"elementor-heading-title elementor-size-default\">SERVICIOS<\/h4>\t\t<\/div>\n\t\t\t\t<\/div>\n\t\t\t\t<div class=\"elementor-element elementor-element-8f1df20 elementor-widget elementor-widget-divider\" data-id=\"8f1df20\" data-element_type=\"widget\" data-widget_type=\"divider.default\">\n\t\t\t\t<div class=\"elementor-widget-container\">\n\t\t\t\t\t<div class=\"elementor-divider\">\n\t\t\t<span class=\"elementor-divider-separator\">\n\t\t\t\t\t\t<\/span>\n\t\t<\/div>\n\t\t\t\t<\/div>\n\t\t\t\t<\/div>\n\t\t\t\t<div class=\"elementor-element elementor-element-15e395e3 elementor-widget elementor-widget-text-editor\" data-id=\"15e395e3\" data-element_type=\"widget\" data-widget_type=\"text-editor.default\">\n\t\t\t\t<div class=\"elementor-widget-container\">\n\t\t\t\t\t<div class=\"elementor-text-editor elementor-clearfix\"><p>En Grupo JYL Soluciones Globales S.A de C.V. brindamos asesor\u00eda profesional, a nuestros clientes, sobre el correcto uso de los productos, las herramientas y maquinaria, as\u00ed como las diferentes alternativas que hay para cada caso espec\u00edfico.<\/p><p>Poseemos una excelente calidad de reacci\u00f3n a las solicitudes de nuestros clientes, ofreci\u00e9ndoles la mejor calidad, el mejor precio del mercado y un servicio profesional, en productos de empaque, por lo que somos reconocidos a nivel mundial.<\/p><p>Nos mantenemos actualizados en el uso de los diferentes productos y maquinaria para obtener el mayor rendimiento de los mismos y las alternativas que existan, con el fin de estar siempre a la vanguardia y mantener actualizados e informados a nuestros clientes.<\/p><p>Contamos siempre con stock suficiente para brindar un buen servicio de entrega a nuestros clientes dentro y fuera del territorio nacional, porque contamos con el personal calificado para el cumplimiento de nuestros objetivos.<\/p><\/div>\n\t\t\t\t<\/div>\n\t\t\t\t<\/div>\n\t\t\t\t\t\t<\/div>\n\t\t\t\t\t<\/div>\n\t\t<\/div>\n\t\t\t\t\t\t\t\t<\/div>\n\t\t\t\t\t<\/div>\n\t\t<\/section>\n\t\t\t\t\t\t<\/div>\n\t\t\t\t\t\t<\/div>\n\t\t\t\t\t<\/div>\n\t\t","protected":false},"excerpt":{"rendered":"<p>SERVICIOS En Grupo JYL Soluciones Globales S.A de C.V. brindamos asesor\u00eda profesional, a nuestros clientes, sobre el correcto uso de los productos, las herramientas y maquinaria, as\u00ed como las diferentes alternativas que hay para cada caso espec\u00edfico. Poseemos una excelente calidad de reacci\u00f3n a las solicitudes de nuestros clientes, ofreci\u00e9ndoles la mejor calidad, el mejor [&hellip;]<\/p>\n","protected":false},"author":2,"featured_media":0,"parent":0,"menu_order":0,"comment_status":"closed","ping_status":"closed","template":"elementor_canvas","meta":[],"_links":{"self":[{"href":"http:\/\/www.jylsoluciones.com\/el%20salvador\/index.php\/wp-json\/wp\/v2\/pages\/605"}],"collection":[{"href":"http:\/\/www.jylsoluciones.com\/el%20salvador\/index.php\/wp-json\/wp\/v2\/pages"}],"about":[{"href":"http:\/\/www.jylsoluciones.com\/el%20salvador\/index.php\/wp-json\/wp\/v2\/types\/page"}],"author":[{"embeddable":true,"href":"http:\/\/www.jylsoluciones.com\/el%20salvador\/index.php\/wp-json\/wp\/v2\/users\/2"}],"replies":[{"embeddable":true,"href":"http:\/\/www.jylsoluciones.com\/el%20salvador\/index.php\/wp-json\/wp\/v2\/comments?post=605"}],"version-history":[{"count":10,"href":"http:\/\/www.jylsoluciones.com\/el%20salvador\/index.php\/wp-json\/wp\/v2\/pages\/605\/revisions"}],"predecessor-version":[{"id":1082,"href":"http:\/\/www.jylsoluciones.com\/el%20salvador\/index.php\/wp-json\/wp\/v2\/pages\/605\/revisions\/1082"}],"wp:attachment":[{"href":"http:\/\/www.jylsoluciones.com\/el%20salvador\/index.php\/wp-json\/wp\/v2\/media?parent=605"}],"curies":[{"name":"wp","href":"https:\/\/api.w.org\/{rel}","templated":true}]}}