{"id":313,"date":"2020-09-16T19:51:50","date_gmt":"2020-09-16T19:51:50","guid":{"rendered":"http:\/\/www.jylsoluciones.com\/Costa%20Rica\/?post_type=product&#038;p=313"},"modified":"2020-10-10T16:21:53","modified_gmt":"2020-10-10T16:21:53","slug":"plastico-para-paletizar-automatico","status":"publish","type":"product","link":"http:\/\/www.jylsoluciones.com\/Costa%20Rica\/index.php\/producto\/plastico-para-paletizar-automatico\/","title":{"rendered":"Pl\u00e1stico para paletizar autom\u00e1tico"},"content":{"rendered":"\t\t<div data-elementor-type=\"product-post\" data-elementor-id=\"313\" class=\"elementor elementor-313\" data-elementor-settings=\"[]\">\n\t\t\t\t\t\t<div class=\"elementor-inner\">\n\t\t\t\t\t\t\t<div class=\"elementor-section-wrap\">\n\t\t\t\t\t\t\t<section class=\"elementor-section elementor-top-section elementor-element elementor-element-7261f75 elementor-section-boxed elementor-section-height-default elementor-section-height-default\" data-id=\"7261f75\" data-element_type=\"section\" data-settings=\"{&quot;background_background&quot;:&quot;classic&quot;}\">\n\t\t\t\t\t\t<div class=\"elementor-container elementor-column-gap-default\">\n\t\t\t\t\t\t\t<div class=\"elementor-row\">\n\t\t\t\t\t<div class=\"elementor-column elementor-col-100 elementor-top-column elementor-element elementor-element-e5b9fb2\" data-id=\"e5b9fb2\" data-element_type=\"column\">\n\t\t\t<div class=\"elementor-column-wrap elementor-element-populated\">\n\t\t\t\t\t\t\t<div class=\"elementor-widget-wrap\">\n\t\t\t\t\t\t<div class=\"elementor-element elementor-element-f9f5c8d elementor-widget elementor-widget-spacer\" data-id=\"f9f5c8d\" data-element_type=\"widget\" data-widget_type=\"spacer.default\">\n\t\t\t\t<div class=\"elementor-widget-container\">\n\t\t\t\t\t<div class=\"elementor-spacer\">\n\t\t\t<div class=\"elementor-spacer-inner\"><\/div>\n\t\t<\/div>\n\t\t\t\t<\/div>\n\t\t\t\t<\/div>\n\t\t\t\t\t\t<\/div>\n\t\t\t\t\t<\/div>\n\t\t<\/div>\n\t\t\t\t\t\t\t\t<\/div>\n\t\t\t\t\t<\/div>\n\t\t<\/section>\n\t\t\t\t<section class=\"elementor-section elementor-top-section elementor-element elementor-element-e330c1a elementor-section-boxed elementor-section-height-default elementor-section-height-default\" data-id=\"e330c1a\" data-element_type=\"section\" data-settings=\"{&quot;background_background&quot;:&quot;classic&quot;}\">\n\t\t\t\t\t\t<div class=\"elementor-container elementor-column-gap-default\">\n\t\t\t\t\t\t\t<div class=\"elementor-row\">\n\t\t\t\t\t<div class=\"elementor-column elementor-col-50 elementor-top-column elementor-element elementor-element-69419fd\" data-id=\"69419fd\" data-element_type=\"column\">\n\t\t\t<div class=\"elementor-column-wrap elementor-element-populated\">\n\t\t\t\t\t\t\t<div class=\"elementor-widget-wrap\">\n\t\t\t\t\t\t<div class=\"elementor-element elementor-element-414cd5a elementor-widget elementor-widget-image\" data-id=\"414cd5a\" data-element_type=\"widget\" data-widget_type=\"image.default\">\n\t\t\t\t<div class=\"elementor-widget-container\">\n\t\t\t\t\t<div class=\"elementor-image\">\n\t\t\t\t\t\t\t\t\t\t<img width=\"309\" height=\"306\" src=\"http:\/\/www.jylsoluciones.com\/Costa%20Rica\/wp-content\/uploads\/2020\/09\/Plastico-Automatico-1-e1431642717774logo.jpg\" class=\"attachment-large size-large\" alt=\"\" loading=\"lazy\" srcset=\"http:\/\/www.jylsoluciones.com\/Costa%20Rica\/wp-content\/uploads\/2020\/09\/Plastico-Automatico-1-e1431642717774logo.jpg 309w, http:\/\/www.jylsoluciones.com\/Costa%20Rica\/wp-content\/uploads\/2020\/09\/Plastico-Automatico-1-e1431642717774logo-300x297.jpg 300w, http:\/\/www.jylsoluciones.com\/Costa%20Rica\/wp-content\/uploads\/2020\/09\/Plastico-Automatico-1-e1431642717774logo-150x150.jpg 150w, http:\/\/www.jylsoluciones.com\/Costa%20Rica\/wp-content\/uploads\/2020\/09\/Plastico-Automatico-1-e1431642717774logo-100x100.jpg 100w\" sizes=\"(max-width: 309px) 100vw, 309px\" \/>\t\t\t\t\t\t\t\t\t\t\t<\/div>\n\t\t\t\t<\/div>\n\t\t\t\t<\/div>\n\t\t\t\t\t\t<\/div>\n\t\t\t\t\t<\/div>\n\t\t<\/div>\n\t\t\t\t<div class=\"elementor-column elementor-col-50 elementor-top-column elementor-element elementor-element-fddac8e\" data-id=\"fddac8e\" data-element_type=\"column\">\n\t\t\t<div class=\"elementor-column-wrap elementor-element-populated\">\n\t\t\t\t\t\t\t<div class=\"elementor-widget-wrap\">\n\t\t\t\t\t\t<div class=\"elementor-element elementor-element-bee42ca elementor-widget elementor-widget-heading\" data-id=\"bee42ca\" data-element_type=\"widget\" data-widget_type=\"heading.default\">\n\t\t\t\t<div class=\"elementor-widget-container\">\n\t\t\t<h2 class=\"elementor-heading-title elementor-size-default\">Descripci\u00f3n del producto<\/h2>\t\t<\/div>\n\t\t\t\t<\/div>\n\t\t\t\t<div class=\"elementor-element elementor-element-325ec51 elementor-widget elementor-widget-text-editor\" data-id=\"325ec51\" data-element_type=\"widget\" data-widget_type=\"text-editor.default\">\n\t\t\t\t<div class=\"elementor-widget-container\">\n\t\t\t\t\t<div class=\"elementor-text-editor elementor-clearfix\"><p>Pel\u00edcula\u00a0 estirable y autoadherible con excelente resistencia a la tensi\u00f3n y un amplio porcentaje de elongaci\u00f3n elevada a \u00a0m\u00e1s del 300%, apto para cualquier ambiente y clima, ahorra hasta un 50% de material, ideal para sistemas de empaque en l\u00ednea.<\/p><p>Garant\u00eda del uso de la misma cantidad de pl\u00e1stico en cada tarima y de rendimiento constante, por utilizar una m\u00e1quina. Estandarizaci\u00f3n del tiempo de empaque, lo que aumenta la eficiencia y productividad.<\/p><\/div>\n\t\t\t\t<\/div>\n\t\t\t\t<\/div>\n\t\t\t\t\t\t<\/div>\n\t\t\t\t\t<\/div>\n\t\t<\/div>\n\t\t\t\t\t\t\t\t<\/div>\n\t\t\t\t\t<\/div>\n\t\t<\/section>\n\t\t\t\t<section class=\"elementor-section elementor-top-section elementor-element elementor-element-40e6126 elementor-section-boxed elementor-section-height-default elementor-section-height-default\" data-id=\"40e6126\" data-element_type=\"section\" data-settings=\"{&quot;background_background&quot;:&quot;classic&quot;}\">\n\t\t\t\t\t\t<div class=\"elementor-container elementor-column-gap-default\">\n\t\t\t\t\t\t\t<div class=\"elementor-row\">\n\t\t\t\t\t<div class=\"elementor-column elementor-col-100 elementor-top-column elementor-element elementor-element-1f98562\" data-id=\"1f98562\" data-element_type=\"column\">\n\t\t\t<div class=\"elementor-column-wrap elementor-element-populated\">\n\t\t\t\t\t\t\t<div class=\"elementor-widget-wrap\">\n\t\t\t\t\t\t<div class=\"elementor-element elementor-element-bc825bc elementor-widget elementor-widget-spacer\" data-id=\"bc825bc\" data-element_type=\"widget\" data-widget_type=\"spacer.default\">\n\t\t\t\t<div class=\"elementor-widget-container\">\n\t\t\t\t\t<div class=\"elementor-spacer\">\n\t\t\t<div class=\"elementor-spacer-inner\"><\/div>\n\t\t<\/div>\n\t\t\t\t<\/div>\n\t\t\t\t<\/div>\n\t\t\t\t\t\t<\/div>\n\t\t\t\t\t<\/div>\n\t\t<\/div>\n\t\t\t\t\t\t\t\t<\/div>\n\t\t\t\t\t<\/div>\n\t\t<\/section>\n\t\t\t\t\t\t<\/div>\n\t\t\t\t\t\t<\/div>\n\t\t\t\t\t<\/div>\n\t\t","protected":false},"excerpt":{"rendered":"<p>Descripci\u00f3n del producto Pel\u00edcula\u00a0 estirable y autoadherible con excelente resistencia a la tensi\u00f3n y un amplio porcentaje de elongaci\u00f3n elevada a \u00a0m\u00e1s del 300%, apto para cualquier ambiente y clima, ahorra hasta un 50% de material, ideal para sistemas de empaque en l\u00ednea. Garant\u00eda del uso de la misma cantidad de pl\u00e1stico en cada tarima [&hellip;]<\/p>\n","protected":false},"featured_media":1570,"comment_status":"open","ping_status":"closed","template":"elementor_canvas","meta":[],"_links":{"self":[{"href":"http:\/\/www.jylsoluciones.com\/Costa%20Rica\/index.php\/wp-json\/wp\/v2\/product\/313"}],"collection":[{"href":"http:\/\/www.jylsoluciones.com\/Costa%20Rica\/index.php\/wp-json\/wp\/v2\/product"}],"about":[{"href":"http:\/\/www.jylsoluciones.com\/Costa%20Rica\/index.php\/wp-json\/wp\/v2\/types\/product"}],"replies":[{"embeddable":true,"href":"http:\/\/www.jylsoluciones.com\/Costa%20Rica\/index.php\/wp-json\/wp\/v2\/comments?post=313"}],"version-history":[{"count":23,"href":"http:\/\/www.jylsoluciones.com\/Costa%20Rica\/index.php\/wp-json\/wp\/v2\/product\/313\/revisions"}],"predecessor-version":[{"id":1572,"href":"http:\/\/www.jylsoluciones.com\/Costa%20Rica\/index.php\/wp-json\/wp\/v2\/product\/313\/revisions\/1572"}],"wp:featuredmedia":[{"embeddable":true,"href":"http:\/\/www.jylsoluciones.com\/Costa%20Rica\/index.php\/wp-json\/wp\/v2\/media\/1570"}],"wp:attachment":[{"href":"http:\/\/www.jylsoluciones.com\/Costa%20Rica\/index.php\/wp-json\/wp\/v2\/media?parent=313"}],"curies":[{"name":"wp","href":"https:\/\/api.w.org\/{rel}","templated":true}]}}