{"id":307,"date":"2020-09-16T19:45:40","date_gmt":"2020-09-16T19:45:40","guid":{"rendered":"http:\/\/www.jylsoluciones.com\/Costa%20Rica\/?post_type=product&#038;p=307"},"modified":"2020-10-10T17:07:54","modified_gmt":"2020-10-10T17:07:54","slug":"plastico-poli-burbuja","status":"publish","type":"product","link":"http:\/\/www.jylsoluciones.com\/Costa%20Rica\/index.php\/producto\/plastico-poli-burbuja\/","title":{"rendered":"Pl\u00e1stico poli-burbuja"},"content":{"rendered":"\t\t<div data-elementor-type=\"product-post\" data-elementor-id=\"307\" class=\"elementor elementor-307\" data-elementor-settings=\"[]\">\n\t\t\t\t\t\t<div class=\"elementor-inner\">\n\t\t\t\t\t\t\t<div class=\"elementor-section-wrap\">\n\t\t\t\t\t\t\t<section class=\"elementor-section elementor-top-section elementor-element elementor-element-68cfdd1 elementor-section-boxed elementor-section-height-default elementor-section-height-default\" data-id=\"68cfdd1\" data-element_type=\"section\" data-settings=\"{&quot;background_background&quot;:&quot;classic&quot;}\">\n\t\t\t\t\t\t<div class=\"elementor-container elementor-column-gap-default\">\n\t\t\t\t\t\t\t<div class=\"elementor-row\">\n\t\t\t\t\t<div class=\"elementor-column elementor-col-100 elementor-top-column elementor-element elementor-element-2bbcc49\" data-id=\"2bbcc49\" data-element_type=\"column\">\n\t\t\t<div class=\"elementor-column-wrap elementor-element-populated\">\n\t\t\t\t\t\t\t<div class=\"elementor-widget-wrap\">\n\t\t\t\t\t\t<div class=\"elementor-element elementor-element-26c7eac elementor-widget elementor-widget-spacer\" data-id=\"26c7eac\" data-element_type=\"widget\" data-widget_type=\"spacer.default\">\n\t\t\t\t<div class=\"elementor-widget-container\">\n\t\t\t\t\t<div class=\"elementor-spacer\">\n\t\t\t<div class=\"elementor-spacer-inner\"><\/div>\n\t\t<\/div>\n\t\t\t\t<\/div>\n\t\t\t\t<\/div>\n\t\t\t\t\t\t<\/div>\n\t\t\t\t\t<\/div>\n\t\t<\/div>\n\t\t\t\t\t\t\t\t<\/div>\n\t\t\t\t\t<\/div>\n\t\t<\/section>\n\t\t\t\t<section class=\"elementor-section elementor-top-section elementor-element elementor-element-80d1115 elementor-section-boxed elementor-section-height-default elementor-section-height-default\" data-id=\"80d1115\" data-element_type=\"section\" data-settings=\"{&quot;background_background&quot;:&quot;classic&quot;}\">\n\t\t\t\t\t\t<div class=\"elementor-container elementor-column-gap-default\">\n\t\t\t\t\t\t\t<div class=\"elementor-row\">\n\t\t\t\t\t<div class=\"elementor-column elementor-col-50 elementor-top-column elementor-element elementor-element-a75ae2d\" data-id=\"a75ae2d\" data-element_type=\"column\">\n\t\t\t<div class=\"elementor-column-wrap elementor-element-populated\">\n\t\t\t\t\t\t\t<div class=\"elementor-widget-wrap\">\n\t\t\t\t\t\t<div class=\"elementor-element elementor-element-35b5d3a elementor-widget elementor-widget-image\" data-id=\"35b5d3a\" data-element_type=\"widget\" data-widget_type=\"image.default\">\n\t\t\t\t<div class=\"elementor-widget-container\">\n\t\t\t\t\t<div class=\"elementor-image\">\n\t\t\t\t\t\t\t\t\t\t<img width=\"237\" height=\"316\" src=\"http:\/\/www.jylsoluciones.com\/Costa%20Rica\/wp-content\/uploads\/2020\/09\/PLASTICO-BURBUJA-2-e1431643699449loggg.jpg\" class=\"attachment-large size-large\" alt=\"\" loading=\"lazy\" srcset=\"http:\/\/www.jylsoluciones.com\/Costa%20Rica\/wp-content\/uploads\/2020\/09\/PLASTICO-BURBUJA-2-e1431643699449loggg.jpg 237w, http:\/\/www.jylsoluciones.com\/Costa%20Rica\/wp-content\/uploads\/2020\/09\/PLASTICO-BURBUJA-2-e1431643699449loggg-225x300.jpg 225w\" sizes=\"(max-width: 237px) 100vw, 237px\" \/>\t\t\t\t\t\t\t\t\t\t\t<\/div>\n\t\t\t\t<\/div>\n\t\t\t\t<\/div>\n\t\t\t\t\t\t<\/div>\n\t\t\t\t\t<\/div>\n\t\t<\/div>\n\t\t\t\t<div class=\"elementor-column elementor-col-50 elementor-top-column elementor-element elementor-element-4485c6c\" data-id=\"4485c6c\" data-element_type=\"column\">\n\t\t\t<div class=\"elementor-column-wrap elementor-element-populated\">\n\t\t\t\t\t\t\t<div class=\"elementor-widget-wrap\">\n\t\t\t\t\t\t<div class=\"elementor-element elementor-element-3cf0eb5 elementor-widget elementor-widget-heading\" data-id=\"3cf0eb5\" data-element_type=\"widget\" data-widget_type=\"heading.default\">\n\t\t\t\t<div class=\"elementor-widget-container\">\n\t\t\t<h2 class=\"elementor-heading-title elementor-size-default\">Descripci\u00f3n del producto<\/h2>\t\t<\/div>\n\t\t\t\t<\/div>\n\t\t\t\t<div class=\"elementor-element elementor-element-31abc88 elementor-widget elementor-widget-text-editor\" data-id=\"31abc88\" data-element_type=\"widget\" data-widget_type=\"text-editor.default\">\n\t\t\t\t<div class=\"elementor-widget-container\">\n\t\t\t\t\t<div class=\"elementor-text-editor elementor-clearfix\"><p>La poliburbuja es un pl\u00e1stico flexible transparente utilizado com\u00fanmente para embalaje de art\u00edculos de mucha fragilidad, ya que este pl\u00e1stico cuenta con burbujas llenas de aire y ligeramente espaciadas brindando amortiguaci\u00f3n a los objetos delicados durante el transporte.<\/p><\/div>\n\t\t\t\t<\/div>\n\t\t\t\t<\/div>\n\t\t\t\t\t\t<\/div>\n\t\t\t\t\t<\/div>\n\t\t<\/div>\n\t\t\t\t\t\t\t\t<\/div>\n\t\t\t\t\t<\/div>\n\t\t<\/section>\n\t\t\t\t<section class=\"elementor-section elementor-top-section elementor-element elementor-element-b655365 elementor-section-boxed elementor-section-height-default elementor-section-height-default\" data-id=\"b655365\" data-element_type=\"section\" data-settings=\"{&quot;background_background&quot;:&quot;classic&quot;}\">\n\t\t\t\t\t\t<div class=\"elementor-container elementor-column-gap-default\">\n\t\t\t\t\t\t\t<div class=\"elementor-row\">\n\t\t\t\t\t<div class=\"elementor-column elementor-col-100 elementor-top-column elementor-element elementor-element-7cca561\" data-id=\"7cca561\" data-element_type=\"column\">\n\t\t\t<div class=\"elementor-column-wrap elementor-element-populated\">\n\t\t\t\t\t\t\t<div class=\"elementor-widget-wrap\">\n\t\t\t\t\t\t<div class=\"elementor-element elementor-element-5ce2ed2 elementor-widget elementor-widget-spacer\" data-id=\"5ce2ed2\" data-element_type=\"widget\" data-widget_type=\"spacer.default\">\n\t\t\t\t<div class=\"elementor-widget-container\">\n\t\t\t\t\t<div class=\"elementor-spacer\">\n\t\t\t<div class=\"elementor-spacer-inner\"><\/div>\n\t\t<\/div>\n\t\t\t\t<\/div>\n\t\t\t\t<\/div>\n\t\t\t\t\t\t<\/div>\n\t\t\t\t\t<\/div>\n\t\t<\/div>\n\t\t\t\t\t\t\t\t<\/div>\n\t\t\t\t\t<\/div>\n\t\t<\/section>\n\t\t\t\t\t\t<\/div>\n\t\t\t\t\t\t<\/div>\n\t\t\t\t\t<\/div>\n\t\t","protected":false},"excerpt":{"rendered":"<p>Descripci\u00f3n del producto La poliburbuja es un pl\u00e1stico flexible transparente utilizado com\u00fanmente para embalaje de art\u00edculos de mucha fragilidad, ya que este pl\u00e1stico cuenta con burbujas llenas de aire y ligeramente espaciadas brindando amortiguaci\u00f3n a los objetos delicados durante el transporte.<\/p>\n","protected":false},"featured_media":1595,"comment_status":"open","ping_status":"closed","template":"elementor_canvas","meta":[],"_links":{"self":[{"href":"http:\/\/www.jylsoluciones.com\/Costa%20Rica\/index.php\/wp-json\/wp\/v2\/product\/307"}],"collection":[{"href":"http:\/\/www.jylsoluciones.com\/Costa%20Rica\/index.php\/wp-json\/wp\/v2\/product"}],"about":[{"href":"http:\/\/www.jylsoluciones.com\/Costa%20Rica\/index.php\/wp-json\/wp\/v2\/types\/product"}],"replies":[{"embeddable":true,"href":"http:\/\/www.jylsoluciones.com\/Costa%20Rica\/index.php\/wp-json\/wp\/v2\/comments?post=307"}],"version-history":[{"count":21,"href":"http:\/\/www.jylsoluciones.com\/Costa%20Rica\/index.php\/wp-json\/wp\/v2\/product\/307\/revisions"}],"predecessor-version":[{"id":1596,"href":"http:\/\/www.jylsoluciones.com\/Costa%20Rica\/index.php\/wp-json\/wp\/v2\/product\/307\/revisions\/1596"}],"wp:featuredmedia":[{"embeddable":true,"href":"http:\/\/www.jylsoluciones.com\/Costa%20Rica\/index.php\/wp-json\/wp\/v2\/media\/1595"}],"wp:attachment":[{"href":"http:\/\/www.jylsoluciones.com\/Costa%20Rica\/index.php\/wp-json\/wp\/v2\/media?parent=307"}],"curies":[{"name":"wp","href":"https:\/\/api.w.org\/{rel}","templated":true}]}}