{"id":295,"date":"2020-09-16T19:38:50","date_gmt":"2020-09-16T19:38:50","guid":{"rendered":"http:\/\/www.jylsoluciones.com\/Costa%20Rica\/?post_type=product&#038;p=295"},"modified":"2020-10-10T17:30:07","modified_gmt":"2020-10-10T17:30:07","slug":"amarremecate-bananero","status":"publish","type":"product","link":"http:\/\/www.jylsoluciones.com\/Costa%20Rica\/index.php\/producto\/amarremecate-bananero\/","title":{"rendered":"Amarre(Mecate bananero)"},"content":{"rendered":"\t\t<div data-elementor-type=\"product-post\" data-elementor-id=\"295\" class=\"elementor elementor-295\" data-elementor-settings=\"[]\">\n\t\t\t\t\t\t<div class=\"elementor-inner\">\n\t\t\t\t\t\t\t<div class=\"elementor-section-wrap\">\n\t\t\t\t\t\t\t<section class=\"elementor-section elementor-top-section elementor-element elementor-element-20b9659 elementor-section-boxed elementor-section-height-default elementor-section-height-default\" data-id=\"20b9659\" data-element_type=\"section\" data-settings=\"{&quot;background_background&quot;:&quot;classic&quot;}\">\n\t\t\t\t\t\t<div class=\"elementor-container elementor-column-gap-default\">\n\t\t\t\t\t\t\t<div class=\"elementor-row\">\n\t\t\t\t\t<div class=\"elementor-column elementor-col-100 elementor-top-column elementor-element elementor-element-446b37f\" data-id=\"446b37f\" data-element_type=\"column\">\n\t\t\t<div class=\"elementor-column-wrap elementor-element-populated\">\n\t\t\t\t\t\t\t<div class=\"elementor-widget-wrap\">\n\t\t\t\t\t\t<div class=\"elementor-element elementor-element-432d984 elementor-widget elementor-widget-spacer\" data-id=\"432d984\" data-element_type=\"widget\" data-widget_type=\"spacer.default\">\n\t\t\t\t<div class=\"elementor-widget-container\">\n\t\t\t\t\t<div class=\"elementor-spacer\">\n\t\t\t<div class=\"elementor-spacer-inner\"><\/div>\n\t\t<\/div>\n\t\t\t\t<\/div>\n\t\t\t\t<\/div>\n\t\t\t\t\t\t<\/div>\n\t\t\t\t\t<\/div>\n\t\t<\/div>\n\t\t\t\t\t\t\t\t<\/div>\n\t\t\t\t\t<\/div>\n\t\t<\/section>\n\t\t\t\t<section class=\"elementor-section elementor-top-section elementor-element elementor-element-968bfd3 elementor-section-boxed elementor-section-height-default elementor-section-height-default\" data-id=\"968bfd3\" data-element_type=\"section\" data-settings=\"{&quot;background_background&quot;:&quot;classic&quot;}\">\n\t\t\t\t\t\t<div class=\"elementor-container elementor-column-gap-default\">\n\t\t\t\t\t\t\t<div class=\"elementor-row\">\n\t\t\t\t\t<div class=\"elementor-column elementor-col-50 elementor-top-column elementor-element elementor-element-f4d0b03\" data-id=\"f4d0b03\" data-element_type=\"column\">\n\t\t\t<div class=\"elementor-column-wrap elementor-element-populated\">\n\t\t\t\t\t\t\t<div class=\"elementor-widget-wrap\">\n\t\t\t\t\t\t<div class=\"elementor-element elementor-element-dd6b456 elementor-widget elementor-widget-image\" data-id=\"dd6b456\" data-element_type=\"widget\" data-widget_type=\"image.default\">\n\t\t\t\t<div class=\"elementor-widget-container\">\n\t\t\t\t\t<div class=\"elementor-image\">\n\t\t\t\t\t\t\t\t\t\t<img src=\"http:\/\/www.jylsoluciones.com\/Costa%20Rica\/wp-content\/uploads\/elementor\/thumbs\/mecate-bananero-3-e1431643798664logoo-owpz3zkg45oil74szfa1jw1x09z4koobh4miac4czc.jpg\" title=\"mecate-bananero-3-e1431643798664logoo\" alt=\"mecate-bananero-3-e1431643798664logoo\" \/>\t\t\t\t\t\t\t\t\t\t\t<\/div>\n\t\t\t\t<\/div>\n\t\t\t\t<\/div>\n\t\t\t\t\t\t<\/div>\n\t\t\t\t\t<\/div>\n\t\t<\/div>\n\t\t\t\t<div class=\"elementor-column elementor-col-50 elementor-top-column elementor-element elementor-element-9ea595f\" data-id=\"9ea595f\" data-element_type=\"column\">\n\t\t\t<div class=\"elementor-column-wrap elementor-element-populated\">\n\t\t\t\t\t\t\t<div class=\"elementor-widget-wrap\">\n\t\t\t\t\t\t<div class=\"elementor-element elementor-element-d77178d elementor-widget elementor-widget-heading\" data-id=\"d77178d\" data-element_type=\"widget\" data-widget_type=\"heading.default\">\n\t\t\t\t<div class=\"elementor-widget-container\">\n\t\t\t<h2 class=\"elementor-heading-title elementor-size-default\">Descripci\u00f3n del producto<\/h2>\t\t<\/div>\n\t\t\t\t<\/div>\n\t\t\t\t<div class=\"elementor-element elementor-element-63c2f44 elementor-widget elementor-widget-text-editor\" data-id=\"63c2f44\" data-element_type=\"widget\" data-widget_type=\"text-editor.default\">\n\t\t\t\t<div class=\"elementor-widget-container\">\n\t\t\t\t\t<div class=\"elementor-text-editor elementor-clearfix\"><p>El mecate es fabricado utilizando tecnolog\u00eda innovadora, mediante la cual se manufacturan filamentos o cintas, que en un proceso posterior son retorcidas para darle la resistencia, presentaci\u00f3n y calidad requerida al producto, utilizado en, agricultura, industria, artesan\u00eda, uso dom\u00e9stico, amarres livianos, decoraci\u00f3n, protecci\u00f3n de \u00e1reas verdes, construcci\u00f3n, pesca, ganader\u00eda, usos mar\u00edtimos, cargas livianas y pesadas.. En la agricultura se utiliza para el reforzamiento de las matas de banano y evitar que el producto cuando est\u00e1 cerca de la fecha de corta caiga, tambi\u00e9n se utiliza en los cultivos de tomate, pi\u00f1a, viveros ornamentales, para el amarre de bultos de heno, cuando se exportan \u00e1rboles o plantas de ramaje largo, el mecate se utiliza para atar esas ramas y que conserven su forma hasta destino final, se utiliza para distintos amarres porque se constituye en uno de los de m\u00e1s bajo precio y por la resistencia que tiene.<\/p><\/div>\n\t\t\t\t<\/div>\n\t\t\t\t<\/div>\n\t\t\t\t\t\t<\/div>\n\t\t\t\t\t<\/div>\n\t\t<\/div>\n\t\t\t\t\t\t\t\t<\/div>\n\t\t\t\t\t<\/div>\n\t\t<\/section>\n\t\t\t\t<section class=\"elementor-section elementor-top-section elementor-element elementor-element-5a03aff elementor-section-boxed elementor-section-height-default elementor-section-height-default\" data-id=\"5a03aff\" data-element_type=\"section\" data-settings=\"{&quot;background_background&quot;:&quot;classic&quot;}\">\n\t\t\t\t\t\t<div class=\"elementor-container elementor-column-gap-default\">\n\t\t\t\t\t\t\t<div class=\"elementor-row\">\n\t\t\t\t\t<div class=\"elementor-column elementor-col-100 elementor-top-column elementor-element elementor-element-5bb9329\" data-id=\"5bb9329\" data-element_type=\"column\">\n\t\t\t<div class=\"elementor-column-wrap elementor-element-populated\">\n\t\t\t\t\t\t\t<div class=\"elementor-widget-wrap\">\n\t\t\t\t\t\t<div class=\"elementor-element elementor-element-395cf27 elementor-widget elementor-widget-spacer\" data-id=\"395cf27\" data-element_type=\"widget\" data-widget_type=\"spacer.default\">\n\t\t\t\t<div class=\"elementor-widget-container\">\n\t\t\t\t\t<div class=\"elementor-spacer\">\n\t\t\t<div class=\"elementor-spacer-inner\"><\/div>\n\t\t<\/div>\n\t\t\t\t<\/div>\n\t\t\t\t<\/div>\n\t\t\t\t\t\t<\/div>\n\t\t\t\t\t<\/div>\n\t\t<\/div>\n\t\t\t\t\t\t\t\t<\/div>\n\t\t\t\t\t<\/div>\n\t\t<\/section>\n\t\t\t\t\t\t<\/div>\n\t\t\t\t\t\t<\/div>\n\t\t\t\t\t<\/div>\n\t\t","protected":false},"excerpt":{"rendered":"<p>Descripci\u00f3n del producto El mecate es fabricado utilizando tecnolog\u00eda innovadora, mediante la cual se manufacturan filamentos o cintas, que en un proceso posterior son retorcidas para darle la resistencia, presentaci\u00f3n y calidad requerida al producto, utilizado en, agricultura, industria, artesan\u00eda, uso dom\u00e9stico, amarres livianos, decoraci\u00f3n, protecci\u00f3n de \u00e1reas verdes, construcci\u00f3n, pesca, ganader\u00eda, usos mar\u00edtimos, cargas [&hellip;]<\/p>\n","protected":false},"featured_media":1616,"comment_status":"open","ping_status":"closed","template":"elementor_canvas","meta":[],"_links":{"self":[{"href":"http:\/\/www.jylsoluciones.com\/Costa%20Rica\/index.php\/wp-json\/wp\/v2\/product\/295"}],"collection":[{"href":"http:\/\/www.jylsoluciones.com\/Costa%20Rica\/index.php\/wp-json\/wp\/v2\/product"}],"about":[{"href":"http:\/\/www.jylsoluciones.com\/Costa%20Rica\/index.php\/wp-json\/wp\/v2\/types\/product"}],"replies":[{"embeddable":true,"href":"http:\/\/www.jylsoluciones.com\/Costa%20Rica\/index.php\/wp-json\/wp\/v2\/comments?post=295"}],"version-history":[{"count":22,"href":"http:\/\/www.jylsoluciones.com\/Costa%20Rica\/index.php\/wp-json\/wp\/v2\/product\/295\/revisions"}],"predecessor-version":[{"id":1619,"href":"http:\/\/www.jylsoluciones.com\/Costa%20Rica\/index.php\/wp-json\/wp\/v2\/product\/295\/revisions\/1619"}],"wp:featuredmedia":[{"embeddable":true,"href":"http:\/\/www.jylsoluciones.com\/Costa%20Rica\/index.php\/wp-json\/wp\/v2\/media\/1616"}],"wp:attachment":[{"href":"http:\/\/www.jylsoluciones.com\/Costa%20Rica\/index.php\/wp-json\/wp\/v2\/media?parent=295"}],"curies":[{"name":"wp","href":"https:\/\/api.w.org\/{rel}","templated":true}]}}