{"id":265,"date":"2020-09-16T18:15:33","date_gmt":"2020-09-16T18:15:33","guid":{"rendered":"http:\/\/www.jylsoluciones.com\/Costa%20Rica\/?post_type=product&#038;p=265"},"modified":"2020-10-01T16:11:06","modified_gmt":"2020-10-01T16:11:06","slug":"cintas-adhesivas-impresas","status":"publish","type":"product","link":"http:\/\/www.jylsoluciones.com\/Costa%20Rica\/index.php\/producto\/cintas-adhesivas-impresas\/","title":{"rendered":"Cintas Adhesivas Impresas"},"content":{"rendered":"\t\t<div data-elementor-type=\"product-post\" data-elementor-id=\"265\" class=\"elementor elementor-265\" data-elementor-settings=\"[]\">\n\t\t\t\t\t\t<div class=\"elementor-inner\">\n\t\t\t\t\t\t\t<div class=\"elementor-section-wrap\">\n\t\t\t\t\t\t\t<section class=\"elementor-section elementor-top-section elementor-element elementor-element-f2d75fe elementor-section-boxed elementor-section-height-default elementor-section-height-default\" data-id=\"f2d75fe\" data-element_type=\"section\" data-settings=\"{&quot;background_background&quot;:&quot;classic&quot;}\">\n\t\t\t\t\t\t<div class=\"elementor-container elementor-column-gap-default\">\n\t\t\t\t\t\t\t<div class=\"elementor-row\">\n\t\t\t\t\t<div class=\"elementor-column elementor-col-100 elementor-top-column elementor-element elementor-element-9a229af\" data-id=\"9a229af\" data-element_type=\"column\">\n\t\t\t<div class=\"elementor-column-wrap elementor-element-populated\">\n\t\t\t\t\t\t\t<div class=\"elementor-widget-wrap\">\n\t\t\t\t\t\t<div class=\"elementor-element elementor-element-2387869 elementor-widget elementor-widget-spacer\" data-id=\"2387869\" data-element_type=\"widget\" data-widget_type=\"spacer.default\">\n\t\t\t\t<div class=\"elementor-widget-container\">\n\t\t\t\t\t<div class=\"elementor-spacer\">\n\t\t\t<div class=\"elementor-spacer-inner\"><\/div>\n\t\t<\/div>\n\t\t\t\t<\/div>\n\t\t\t\t<\/div>\n\t\t\t\t\t\t<\/div>\n\t\t\t\t\t<\/div>\n\t\t<\/div>\n\t\t\t\t\t\t\t\t<\/div>\n\t\t\t\t\t<\/div>\n\t\t<\/section>\n\t\t\t\t<section class=\"elementor-section elementor-top-section elementor-element elementor-element-cbc9042 elementor-section-boxed elementor-section-height-default elementor-section-height-default\" data-id=\"cbc9042\" data-element_type=\"section\" data-settings=\"{&quot;background_background&quot;:&quot;classic&quot;}\">\n\t\t\t\t\t\t<div class=\"elementor-container elementor-column-gap-default\">\n\t\t\t\t\t\t\t<div class=\"elementor-row\">\n\t\t\t\t\t<div class=\"elementor-column elementor-col-50 elementor-top-column elementor-element elementor-element-dbf70b9\" data-id=\"dbf70b9\" data-element_type=\"column\">\n\t\t\t<div class=\"elementor-column-wrap elementor-element-populated\">\n\t\t\t\t\t\t\t<div class=\"elementor-widget-wrap\">\n\t\t\t\t\t\t<div class=\"elementor-element elementor-element-fb03112 elementor-widget elementor-widget-image\" data-id=\"fb03112\" data-element_type=\"widget\" data-widget_type=\"image.default\">\n\t\t\t\t<div class=\"elementor-widget-container\">\n\t\t\t\t\t<div class=\"elementor-image\">\n\t\t\t\t\t\t\t\t\t\t<img width=\"281\" height=\"300\" src=\"http:\/\/www.jylsoluciones.com\/Costa%20Rica\/wp-content\/uploads\/2020\/09\/CINTA-IMPRESA-e1431702322215-281x300.png\" class=\"attachment-medium size-medium\" alt=\"\" loading=\"lazy\" srcset=\"http:\/\/www.jylsoluciones.com\/Costa%20Rica\/wp-content\/uploads\/2020\/09\/CINTA-IMPRESA-e1431702322215-281x300.png 281w, http:\/\/www.jylsoluciones.com\/Costa%20Rica\/wp-content\/uploads\/2020\/09\/CINTA-IMPRESA-e1431702322215-600x640.png 600w, http:\/\/www.jylsoluciones.com\/Costa%20Rica\/wp-content\/uploads\/2020\/09\/CINTA-IMPRESA-e1431702322215-960x1024.png 960w, http:\/\/www.jylsoluciones.com\/Costa%20Rica\/wp-content\/uploads\/2020\/09\/CINTA-IMPRESA-e1431702322215-768x819.png 768w, http:\/\/www.jylsoluciones.com\/Costa%20Rica\/wp-content\/uploads\/2020\/09\/CINTA-IMPRESA-e1431702322215.png 1179w\" sizes=\"(max-width: 281px) 100vw, 281px\" \/>\t\t\t\t\t\t\t\t\t\t\t<\/div>\n\t\t\t\t<\/div>\n\t\t\t\t<\/div>\n\t\t\t\t\t\t<\/div>\n\t\t\t\t\t<\/div>\n\t\t<\/div>\n\t\t\t\t<div class=\"elementor-column elementor-col-50 elementor-top-column elementor-element elementor-element-21be6e6\" data-id=\"21be6e6\" data-element_type=\"column\">\n\t\t\t<div class=\"elementor-column-wrap elementor-element-populated\">\n\t\t\t\t\t\t\t<div class=\"elementor-widget-wrap\">\n\t\t\t\t\t\t<div class=\"elementor-element elementor-element-a51c774 elementor-widget elementor-widget-heading\" data-id=\"a51c774\" data-element_type=\"widget\" data-widget_type=\"heading.default\">\n\t\t\t\t<div class=\"elementor-widget-container\">\n\t\t\t<h2 class=\"elementor-heading-title elementor-size-default\">Descripci\u00f3n del producto<\/h2>\t\t<\/div>\n\t\t\t\t<\/div>\n\t\t\t\t<div class=\"elementor-element elementor-element-fb955db elementor-widget elementor-widget-text-editor\" data-id=\"fb955db\" data-element_type=\"widget\" data-widget_type=\"text-editor.default\">\n\t\t\t\t<div class=\"elementor-widget-container\">\n\t\t\t\t\t<div class=\"elementor-text-editor elementor-clearfix\"><p><span lang=\"ES-CR\">Nuestras cintas impresas incorporan imagen, seguridad, publicidad y una soluci\u00f3n para el sellado de cajas.<\/span><\/p><p><span lang=\"ES-CR\">Personalizamos las cintas con el logo de su empresa o la impresi\u00f3n de su elecci\u00f3n. Ofrecemos los distintos tipos de cintas autoadhesivas Acr\u00edlicas y Hot-Melt<\/span><\/p><\/div>\n\t\t\t\t<\/div>\n\t\t\t\t<\/div>\n\t\t\t\t\t\t<\/div>\n\t\t\t\t\t<\/div>\n\t\t<\/div>\n\t\t\t\t\t\t\t\t<\/div>\n\t\t\t\t\t<\/div>\n\t\t<\/section>\n\t\t\t\t<section class=\"elementor-section elementor-top-section elementor-element elementor-element-e9ff727 elementor-section-boxed elementor-section-height-default elementor-section-height-default\" data-id=\"e9ff727\" data-element_type=\"section\" data-settings=\"{&quot;background_background&quot;:&quot;classic&quot;}\">\n\t\t\t\t\t\t<div class=\"elementor-container elementor-column-gap-default\">\n\t\t\t\t\t\t\t<div class=\"elementor-row\">\n\t\t\t\t\t<div class=\"elementor-column elementor-col-100 elementor-top-column elementor-element elementor-element-2c3c7d0\" data-id=\"2c3c7d0\" data-element_type=\"column\">\n\t\t\t<div class=\"elementor-column-wrap elementor-element-populated\">\n\t\t\t\t\t\t\t<div class=\"elementor-widget-wrap\">\n\t\t\t\t\t\t<div class=\"elementor-element elementor-element-839ef48 elementor-widget elementor-widget-spacer\" data-id=\"839ef48\" data-element_type=\"widget\" data-widget_type=\"spacer.default\">\n\t\t\t\t<div class=\"elementor-widget-container\">\n\t\t\t\t\t<div class=\"elementor-spacer\">\n\t\t\t<div class=\"elementor-spacer-inner\"><\/div>\n\t\t<\/div>\n\t\t\t\t<\/div>\n\t\t\t\t<\/div>\n\t\t\t\t\t\t<\/div>\n\t\t\t\t\t<\/div>\n\t\t<\/div>\n\t\t\t\t\t\t\t\t<\/div>\n\t\t\t\t\t<\/div>\n\t\t<\/section>\n\t\t\t\t\t\t<\/div>\n\t\t\t\t\t\t<\/div>\n\t\t\t\t\t<\/div>\n\t\t","protected":false},"excerpt":{"rendered":"<p>Descripci\u00f3n del producto Nuestras cintas impresas incorporan imagen, seguridad, publicidad y una soluci\u00f3n para el sellado de cajas. Personalizamos las cintas con el logo de su empresa o la impresi\u00f3n de su elecci\u00f3n. Ofrecemos los distintos tipos de cintas autoadhesivas Acr\u00edlicas y Hot-Melt<\/p>\n","protected":false},"featured_media":266,"comment_status":"open","ping_status":"closed","template":"elementor_canvas","meta":[],"_links":{"self":[{"href":"http:\/\/www.jylsoluciones.com\/Costa%20Rica\/index.php\/wp-json\/wp\/v2\/product\/265"}],"collection":[{"href":"http:\/\/www.jylsoluciones.com\/Costa%20Rica\/index.php\/wp-json\/wp\/v2\/product"}],"about":[{"href":"http:\/\/www.jylsoluciones.com\/Costa%20Rica\/index.php\/wp-json\/wp\/v2\/types\/product"}],"replies":[{"embeddable":true,"href":"http:\/\/www.jylsoluciones.com\/Costa%20Rica\/index.php\/wp-json\/wp\/v2\/comments?post=265"}],"version-history":[{"count":19,"href":"http:\/\/www.jylsoluciones.com\/Costa%20Rica\/index.php\/wp-json\/wp\/v2\/product\/265\/revisions"}],"predecessor-version":[{"id":1472,"href":"http:\/\/www.jylsoluciones.com\/Costa%20Rica\/index.php\/wp-json\/wp\/v2\/product\/265\/revisions\/1472"}],"wp:featuredmedia":[{"embeddable":true,"href":"http:\/\/www.jylsoluciones.com\/Costa%20Rica\/index.php\/wp-json\/wp\/v2\/media\/266"}],"wp:attachment":[{"href":"http:\/\/www.jylsoluciones.com\/Costa%20Rica\/index.php\/wp-json\/wp\/v2\/media?parent=265"}],"curies":[{"name":"wp","href":"https:\/\/api.w.org\/{rel}","templated":true}]}}