{"id":255,"date":"2020-09-16T18:05:54","date_gmt":"2020-09-16T18:05:54","guid":{"rendered":"http:\/\/www.jylsoluciones.com\/Costa%20Rica\/?post_type=product&#038;p=255"},"modified":"2020-10-01T16:12:08","modified_gmt":"2020-10-01T16:12:08","slug":"masking-tape","status":"publish","type":"product","link":"http:\/\/www.jylsoluciones.com\/Costa%20Rica\/index.php\/producto\/masking-tape\/","title":{"rendered":"Masking tape"},"content":{"rendered":"\t\t<div data-elementor-type=\"product-post\" data-elementor-id=\"255\" class=\"elementor elementor-255\" data-elementor-settings=\"[]\">\n\t\t\t\t\t\t<div class=\"elementor-inner\">\n\t\t\t\t\t\t\t<div class=\"elementor-section-wrap\">\n\t\t\t\t\t\t\t<section class=\"elementor-section elementor-top-section elementor-element elementor-element-63223df elementor-section-boxed elementor-section-height-default elementor-section-height-default\" data-id=\"63223df\" data-element_type=\"section\" data-settings=\"{&quot;background_background&quot;:&quot;classic&quot;}\">\n\t\t\t\t\t\t<div class=\"elementor-container elementor-column-gap-default\">\n\t\t\t\t\t\t\t<div class=\"elementor-row\">\n\t\t\t\t\t<div class=\"elementor-column elementor-col-100 elementor-top-column elementor-element elementor-element-95f7794\" data-id=\"95f7794\" data-element_type=\"column\">\n\t\t\t<div class=\"elementor-column-wrap elementor-element-populated\">\n\t\t\t\t\t\t\t<div class=\"elementor-widget-wrap\">\n\t\t\t\t\t\t<div class=\"elementor-element elementor-element-c135746 elementor-widget elementor-widget-spacer\" data-id=\"c135746\" data-element_type=\"widget\" data-widget_type=\"spacer.default\">\n\t\t\t\t<div class=\"elementor-widget-container\">\n\t\t\t\t\t<div class=\"elementor-spacer\">\n\t\t\t<div class=\"elementor-spacer-inner\"><\/div>\n\t\t<\/div>\n\t\t\t\t<\/div>\n\t\t\t\t<\/div>\n\t\t\t\t\t\t<\/div>\n\t\t\t\t\t<\/div>\n\t\t<\/div>\n\t\t\t\t\t\t\t\t<\/div>\n\t\t\t\t\t<\/div>\n\t\t<\/section>\n\t\t\t\t<section class=\"elementor-section elementor-top-section elementor-element elementor-element-f853216 elementor-section-boxed elementor-section-height-default elementor-section-height-default\" data-id=\"f853216\" data-element_type=\"section\" data-settings=\"{&quot;background_background&quot;:&quot;classic&quot;}\">\n\t\t\t\t\t\t<div class=\"elementor-container elementor-column-gap-default\">\n\t\t\t\t\t\t\t<div class=\"elementor-row\">\n\t\t\t\t\t<div class=\"elementor-column elementor-col-50 elementor-top-column elementor-element elementor-element-d136a36\" data-id=\"d136a36\" data-element_type=\"column\">\n\t\t\t<div class=\"elementor-column-wrap elementor-element-populated\">\n\t\t\t\t\t\t\t<div class=\"elementor-widget-wrap\">\n\t\t\t\t\t\t<div class=\"elementor-element elementor-element-2d74f82 elementor-widget elementor-widget-image\" data-id=\"2d74f82\" data-element_type=\"widget\" data-widget_type=\"image.default\">\n\t\t\t\t<div class=\"elementor-widget-container\">\n\t\t\t\t\t<div class=\"elementor-image\">\n\t\t\t\t\t\t\t\t\t\t<img width=\"405\" height=\"282\" src=\"http:\/\/www.jylsoluciones.com\/Costa%20Rica\/wp-content\/uploads\/2020\/09\/masking-1-e1431701004283.jpg\" class=\"attachment-large size-large\" alt=\"\" loading=\"lazy\" srcset=\"http:\/\/www.jylsoluciones.com\/Costa%20Rica\/wp-content\/uploads\/2020\/09\/masking-1-e1431701004283.jpg 405w, http:\/\/www.jylsoluciones.com\/Costa%20Rica\/wp-content\/uploads\/2020\/09\/masking-1-e1431701004283-300x209.jpg 300w\" sizes=\"(max-width: 405px) 100vw, 405px\" \/>\t\t\t\t\t\t\t\t\t\t\t<\/div>\n\t\t\t\t<\/div>\n\t\t\t\t<\/div>\n\t\t\t\t\t\t<\/div>\n\t\t\t\t\t<\/div>\n\t\t<\/div>\n\t\t\t\t<div class=\"elementor-column elementor-col-50 elementor-top-column elementor-element elementor-element-eaa3038\" data-id=\"eaa3038\" data-element_type=\"column\">\n\t\t\t<div class=\"elementor-column-wrap elementor-element-populated\">\n\t\t\t\t\t\t\t<div class=\"elementor-widget-wrap\">\n\t\t\t\t\t\t<div class=\"elementor-element elementor-element-18bdbce elementor-widget elementor-widget-heading\" data-id=\"18bdbce\" data-element_type=\"widget\" data-widget_type=\"heading.default\">\n\t\t\t\t<div class=\"elementor-widget-container\">\n\t\t\t<h2 class=\"elementor-heading-title elementor-size-default\">Descripci\u00f3n del producto<\/h2>\t\t<\/div>\n\t\t\t\t<\/div>\n\t\t\t\t<div class=\"elementor-element elementor-element-51ebd09 elementor-widget elementor-widget-text-editor\" data-id=\"51ebd09\" data-element_type=\"widget\" data-widget_type=\"text-editor.default\">\n\t\t\t\t<div class=\"elementor-widget-container\">\n\t\t\t\t\t<div class=\"elementor-text-editor elementor-clearfix\"><p>Cintas adhesivas para enmascarar con cuerpo de papel y adhesivo de caucho, trabajos de pintura para diferentes usos para el hogar, oficina, industria, fabricados con la mejor tecnolog\u00eda con los atributos de dar 0% filtraciones, gran permanencia en la aplicaci\u00f3n y soportan pasos de solventes.<\/p><p>Perfecta soluci\u00f3n para redecorar hogares y oficinas. Removerlas es extremadamente f\u00e1cil y se puede hacer a d\u00edas de haber terminado el trabajo realizado.<\/p><\/div>\n\t\t\t\t<\/div>\n\t\t\t\t<\/div>\n\t\t\t\t\t\t<\/div>\n\t\t\t\t\t<\/div>\n\t\t<\/div>\n\t\t\t\t\t\t\t\t<\/div>\n\t\t\t\t\t<\/div>\n\t\t<\/section>\n\t\t\t\t<section class=\"elementor-section elementor-top-section elementor-element elementor-element-e6cf8da elementor-section-boxed elementor-section-height-default elementor-section-height-default\" data-id=\"e6cf8da\" data-element_type=\"section\" data-settings=\"{&quot;background_background&quot;:&quot;classic&quot;}\">\n\t\t\t\t\t\t<div class=\"elementor-container elementor-column-gap-default\">\n\t\t\t\t\t\t\t<div class=\"elementor-row\">\n\t\t\t\t\t<div class=\"elementor-column elementor-col-100 elementor-top-column elementor-element elementor-element-63dc16f\" data-id=\"63dc16f\" data-element_type=\"column\">\n\t\t\t<div class=\"elementor-column-wrap elementor-element-populated\">\n\t\t\t\t\t\t\t<div class=\"elementor-widget-wrap\">\n\t\t\t\t\t\t<div class=\"elementor-element elementor-element-ce26ea9 elementor-widget elementor-widget-spacer\" data-id=\"ce26ea9\" data-element_type=\"widget\" data-widget_type=\"spacer.default\">\n\t\t\t\t<div class=\"elementor-widget-container\">\n\t\t\t\t\t<div class=\"elementor-spacer\">\n\t\t\t<div class=\"elementor-spacer-inner\"><\/div>\n\t\t<\/div>\n\t\t\t\t<\/div>\n\t\t\t\t<\/div>\n\t\t\t\t\t\t<\/div>\n\t\t\t\t\t<\/div>\n\t\t<\/div>\n\t\t\t\t\t\t\t\t<\/div>\n\t\t\t\t\t<\/div>\n\t\t<\/section>\n\t\t\t\t\t\t<\/div>\n\t\t\t\t\t\t<\/div>\n\t\t\t\t\t<\/div>\n\t\t","protected":false},"excerpt":{"rendered":"<p>Descripci\u00f3n del producto Cintas adhesivas para enmascarar con cuerpo de papel y adhesivo de caucho, trabajos de pintura para diferentes usos para el hogar, oficina, industria, fabricados con la mejor tecnolog\u00eda con los atributos de dar 0% filtraciones, gran permanencia en la aplicaci\u00f3n y soportan pasos de solventes. Perfecta soluci\u00f3n para redecorar hogares y oficinas. [&hellip;]<\/p>\n","protected":false},"featured_media":256,"comment_status":"open","ping_status":"closed","template":"elementor_canvas","meta":[],"_links":{"self":[{"href":"http:\/\/www.jylsoluciones.com\/Costa%20Rica\/index.php\/wp-json\/wp\/v2\/product\/255"}],"collection":[{"href":"http:\/\/www.jylsoluciones.com\/Costa%20Rica\/index.php\/wp-json\/wp\/v2\/product"}],"about":[{"href":"http:\/\/www.jylsoluciones.com\/Costa%20Rica\/index.php\/wp-json\/wp\/v2\/types\/product"}],"replies":[{"embeddable":true,"href":"http:\/\/www.jylsoluciones.com\/Costa%20Rica\/index.php\/wp-json\/wp\/v2\/comments?post=255"}],"version-history":[{"count":18,"href":"http:\/\/www.jylsoluciones.com\/Costa%20Rica\/index.php\/wp-json\/wp\/v2\/product\/255\/revisions"}],"predecessor-version":[{"id":1477,"href":"http:\/\/www.jylsoluciones.com\/Costa%20Rica\/index.php\/wp-json\/wp\/v2\/product\/255\/revisions\/1477"}],"wp:featuredmedia":[{"embeddable":true,"href":"http:\/\/www.jylsoluciones.com\/Costa%20Rica\/index.php\/wp-json\/wp\/v2\/media\/256"}],"wp:attachment":[{"href":"http:\/\/www.jylsoluciones.com\/Costa%20Rica\/index.php\/wp-json\/wp\/v2\/media?parent=255"}],"curies":[{"name":"wp","href":"https:\/\/api.w.org\/{rel}","templated":true}]}}