{"id":239,"date":"2020-09-16T17:51:59","date_gmt":"2020-09-16T17:51:59","guid":{"rendered":"http:\/\/www.jylsoluciones.com\/Costa%20Rica\/?post_type=product&#038;p=239"},"modified":"2020-10-01T16:13:45","modified_gmt":"2020-10-01T16:13:45","slug":"cinta-para-laminacion","status":"publish","type":"product","link":"http:\/\/www.jylsoluciones.com\/Costa%20Rica\/index.php\/producto\/cinta-para-laminacion\/","title":{"rendered":"Cinta para laminaci\u00f3n"},"content":{"rendered":"\t\t<div data-elementor-type=\"product-post\" data-elementor-id=\"239\" class=\"elementor elementor-239\" data-elementor-settings=\"[]\">\n\t\t\t\t\t\t<div class=\"elementor-inner\">\n\t\t\t\t\t\t\t<div class=\"elementor-section-wrap\">\n\t\t\t\t\t\t\t<section class=\"elementor-section elementor-top-section elementor-element elementor-element-43d8a23 elementor-section-boxed elementor-section-height-default elementor-section-height-default\" data-id=\"43d8a23\" data-element_type=\"section\" data-settings=\"{&quot;background_background&quot;:&quot;classic&quot;}\">\n\t\t\t\t\t\t<div class=\"elementor-container elementor-column-gap-default\">\n\t\t\t\t\t\t\t<div class=\"elementor-row\">\n\t\t\t\t\t<div class=\"elementor-column elementor-col-100 elementor-top-column elementor-element elementor-element-4176915\" data-id=\"4176915\" data-element_type=\"column\">\n\t\t\t<div class=\"elementor-column-wrap elementor-element-populated\">\n\t\t\t\t\t\t\t<div class=\"elementor-widget-wrap\">\n\t\t\t\t\t\t<div class=\"elementor-element elementor-element-0417520 elementor-widget elementor-widget-spacer\" data-id=\"0417520\" data-element_type=\"widget\" data-widget_type=\"spacer.default\">\n\t\t\t\t<div class=\"elementor-widget-container\">\n\t\t\t\t\t<div class=\"elementor-spacer\">\n\t\t\t<div class=\"elementor-spacer-inner\"><\/div>\n\t\t<\/div>\n\t\t\t\t<\/div>\n\t\t\t\t<\/div>\n\t\t\t\t\t\t<\/div>\n\t\t\t\t\t<\/div>\n\t\t<\/div>\n\t\t\t\t\t\t\t\t<\/div>\n\t\t\t\t\t<\/div>\n\t\t<\/section>\n\t\t\t\t<section class=\"elementor-section elementor-top-section elementor-element elementor-element-29439cd elementor-section-boxed elementor-section-height-default elementor-section-height-default\" data-id=\"29439cd\" data-element_type=\"section\" data-settings=\"{&quot;background_background&quot;:&quot;classic&quot;}\">\n\t\t\t\t\t\t<div class=\"elementor-container elementor-column-gap-default\">\n\t\t\t\t\t\t\t<div class=\"elementor-row\">\n\t\t\t\t\t<div class=\"elementor-column elementor-col-50 elementor-top-column elementor-element elementor-element-f255ebb\" data-id=\"f255ebb\" data-element_type=\"column\">\n\t\t\t<div class=\"elementor-column-wrap elementor-element-populated\">\n\t\t\t\t\t\t\t<div class=\"elementor-widget-wrap\">\n\t\t\t\t\t\t<div class=\"elementor-element elementor-element-098572c elementor-widget elementor-widget-image\" data-id=\"098572c\" data-element_type=\"widget\" data-widget_type=\"image.default\">\n\t\t\t\t<div class=\"elementor-widget-container\">\n\t\t\t\t\t<div class=\"elementor-image\">\n\t\t\t\t\t\t\t\t\t\t<img width=\"580\" height=\"261\" src=\"http:\/\/www.jylsoluciones.com\/Costa%20Rica\/wp-content\/uploads\/2020\/09\/CINTA-LAMINADO-2-e1431699518524.jpg\" class=\"attachment-large size-large\" alt=\"\" loading=\"lazy\" srcset=\"http:\/\/www.jylsoluciones.com\/Costa%20Rica\/wp-content\/uploads\/2020\/09\/CINTA-LAMINADO-2-e1431699518524.jpg 830w, http:\/\/www.jylsoluciones.com\/Costa%20Rica\/wp-content\/uploads\/2020\/09\/CINTA-LAMINADO-2-e1431699518524-600x270.jpg 600w, http:\/\/www.jylsoluciones.com\/Costa%20Rica\/wp-content\/uploads\/2020\/09\/CINTA-LAMINADO-2-e1431699518524-300x135.jpg 300w, http:\/\/www.jylsoluciones.com\/Costa%20Rica\/wp-content\/uploads\/2020\/09\/CINTA-LAMINADO-2-e1431699518524-768x345.jpg 768w\" sizes=\"(max-width: 580px) 100vw, 580px\" \/>\t\t\t\t\t\t\t\t\t\t\t<\/div>\n\t\t\t\t<\/div>\n\t\t\t\t<\/div>\n\t\t\t\t\t\t<\/div>\n\t\t\t\t\t<\/div>\n\t\t<\/div>\n\t\t\t\t<div class=\"elementor-column elementor-col-50 elementor-top-column elementor-element elementor-element-4f189d2\" data-id=\"4f189d2\" data-element_type=\"column\">\n\t\t\t<div class=\"elementor-column-wrap elementor-element-populated\">\n\t\t\t\t\t\t\t<div class=\"elementor-widget-wrap\">\n\t\t\t\t\t\t<div class=\"elementor-element elementor-element-558d855 elementor-widget elementor-widget-heading\" data-id=\"558d855\" data-element_type=\"widget\" data-widget_type=\"heading.default\">\n\t\t\t\t<div class=\"elementor-widget-container\">\n\t\t\t<h2 class=\"elementor-heading-title elementor-size-default\">Descripci\u00f3n del producto<\/h2>\t\t<\/div>\n\t\t\t\t<\/div>\n\t\t\t\t<div class=\"elementor-element elementor-element-f32d573 elementor-widget elementor-widget-text-editor\" data-id=\"f32d573\" data-element_type=\"widget\" data-widget_type=\"text-editor.default\">\n\t\t\t\t<div class=\"elementor-widget-container\">\n\t\t\t\t\t<div class=\"elementor-text-editor elementor-clearfix\"><p>Los adhesivos laminados y cintas doble capa est\u00e1n dise\u00f1ados para mejorar la imagen, desempe\u00f1o y productividad del producto final.\u00a0Ofrece una aplicaci\u00f3n eficiente para procesos de laminaci\u00f3n de pr\u00e1cticamente todas las pel\u00edculas de poliolefina, adem\u00e1s de nylon, aluminio, poli\u00e9ster y otros sustratos, no impresos e impresos. Protege las etiquetas de sus\u00a0productos\u00a0contra la humedad, polvo y suciedad, as\u00ed como tambi\u00e9n etiquetas que van en\u00a0contacto directo con alimentos y que requieren de ser laminadas por ambos lados.<\/p><\/div>\n\t\t\t\t<\/div>\n\t\t\t\t<\/div>\n\t\t\t\t\t\t<\/div>\n\t\t\t\t\t<\/div>\n\t\t<\/div>\n\t\t\t\t\t\t\t\t<\/div>\n\t\t\t\t\t<\/div>\n\t\t<\/section>\n\t\t\t\t<section class=\"elementor-section elementor-top-section elementor-element elementor-element-03bb818 elementor-section-boxed elementor-section-height-default elementor-section-height-default\" data-id=\"03bb818\" data-element_type=\"section\" data-settings=\"{&quot;background_background&quot;:&quot;classic&quot;}\">\n\t\t\t\t\t\t<div class=\"elementor-container elementor-column-gap-default\">\n\t\t\t\t\t\t\t<div class=\"elementor-row\">\n\t\t\t\t\t<div class=\"elementor-column elementor-col-100 elementor-top-column elementor-element elementor-element-44d5e7e\" data-id=\"44d5e7e\" data-element_type=\"column\">\n\t\t\t<div class=\"elementor-column-wrap elementor-element-populated\">\n\t\t\t\t\t\t\t<div class=\"elementor-widget-wrap\">\n\t\t\t\t\t\t<div class=\"elementor-element elementor-element-9bbad1b elementor-widget elementor-widget-spacer\" data-id=\"9bbad1b\" data-element_type=\"widget\" data-widget_type=\"spacer.default\">\n\t\t\t\t<div class=\"elementor-widget-container\">\n\t\t\t\t\t<div class=\"elementor-spacer\">\n\t\t\t<div class=\"elementor-spacer-inner\"><\/div>\n\t\t<\/div>\n\t\t\t\t<\/div>\n\t\t\t\t<\/div>\n\t\t\t\t\t\t<\/div>\n\t\t\t\t\t<\/div>\n\t\t<\/div>\n\t\t\t\t\t\t\t\t<\/div>\n\t\t\t\t\t<\/div>\n\t\t<\/section>\n\t\t\t\t\t\t<\/div>\n\t\t\t\t\t\t<\/div>\n\t\t\t\t\t<\/div>\n\t\t","protected":false},"excerpt":{"rendered":"<p>Descripci\u00f3n del producto Los adhesivos laminados y cintas doble capa est\u00e1n dise\u00f1ados para mejorar la imagen, desempe\u00f1o y productividad del producto final.\u00a0Ofrece una aplicaci\u00f3n eficiente para procesos de laminaci\u00f3n de pr\u00e1cticamente todas las pel\u00edculas de poliolefina, adem\u00e1s de nylon, aluminio, poli\u00e9ster y otros sustratos, no impresos e impresos. Protege las etiquetas de sus\u00a0productos\u00a0contra la humedad, [&hellip;]<\/p>\n","protected":false},"featured_media":240,"comment_status":"open","ping_status":"closed","template":"elementor_canvas","meta":[],"_links":{"self":[{"href":"http:\/\/www.jylsoluciones.com\/Costa%20Rica\/index.php\/wp-json\/wp\/v2\/product\/239"}],"collection":[{"href":"http:\/\/www.jylsoluciones.com\/Costa%20Rica\/index.php\/wp-json\/wp\/v2\/product"}],"about":[{"href":"http:\/\/www.jylsoluciones.com\/Costa%20Rica\/index.php\/wp-json\/wp\/v2\/types\/product"}],"replies":[{"embeddable":true,"href":"http:\/\/www.jylsoluciones.com\/Costa%20Rica\/index.php\/wp-json\/wp\/v2\/comments?post=239"}],"version-history":[{"count":17,"href":"http:\/\/www.jylsoluciones.com\/Costa%20Rica\/index.php\/wp-json\/wp\/v2\/product\/239\/revisions"}],"predecessor-version":[{"id":1485,"href":"http:\/\/www.jylsoluciones.com\/Costa%20Rica\/index.php\/wp-json\/wp\/v2\/product\/239\/revisions\/1485"}],"wp:featuredmedia":[{"embeddable":true,"href":"http:\/\/www.jylsoluciones.com\/Costa%20Rica\/index.php\/wp-json\/wp\/v2\/media\/240"}],"wp:attachment":[{"href":"http:\/\/www.jylsoluciones.com\/Costa%20Rica\/index.php\/wp-json\/wp\/v2\/media?parent=239"}],"curies":[{"name":"wp","href":"https:\/\/api.w.org\/{rel}","templated":true}]}}